{"id":1577,"date":"2018-02-05T14:34:46","date_gmt":"2018-02-05T14:34:46","guid":{"rendered":"https:\/\/genesis.swiss\/?page_id=1577"},"modified":"2018-02-13T12:07:31","modified_gmt":"2018-02-13T12:07:31","slug":"who-are-we","status":"publish","type":"page","link":"https:\/\/genesis.swiss\/en\/who-are-we\/","title":{"rendered":"Who are we?"},"content":{"rendered":"<div class=\"wpb-content-wrapper\"><p>[vc_row content_width=&#8221;fullwidth&#8221; content_placement=&#8221;middle&#8221; text_color=&#8221;__&#8221; heading_color=&#8221;__&#8221; link_color=&#8221;__&#8221; link_hover_color=&#8221;__&#8221; el_class=&#8221;.vc_row-slider&#8221; css=&#8221;.vc_custom_1495117341875{margin-top: -1.5em !important;margin-bottom: -1.5em !important;}&#8221;][vc_column][vc_single_image image=&#8221;853&#8243; img_size=&#8221;custom&#8221; img_size_custom=&#8221;2560&#215;450&#8243; alignment=&#8221;center&#8221;][\/vc_column][\/vc_row][vc_row text_color=&#8221;__&#8221; heading_color=&#8221;__&#8221; link_color=&#8221;__&#8221; link_hover_color=&#8221;__&#8221; css=&#8221;.vc_custom_1499255979989{margin-top: 2.5em !important;}&#8221;][vc_column][vc_column_text el_class=&#8221;wk-h3-doppeltitel h3&#8243;]<\/p>\n<h1 style=\"text-align: left;\">GENESIS Swiss Team AG<\/h1>\n<h3 style=\"text-align: left;\">\u00abevolving your digital future\u00bb<\/h3>\n<p>We have been planning, realising and providing our customers with complete \u201cBest Practices\u201d solutions from a single source for over 20 years and provide our customers with support in their IT transformation, cloud solution, IT Service Management and IT security projects. We work closely together with long-standing solution partners.[\/vc_column_text][\/vc_column][\/vc_row][vc_row text_color=&#8221;__&#8221; heading_color=&#8221;__&#8221; link_color=&#8221;__&#8221; link_hover_color=&#8221;__&#8221; css=&#8221;.vc_custom_1499327952810{background: #222222 url(https:\/\/genesis.swiss\/wp-content\/uploads\/2017\/05\/genesis_background-10.png?id=65) !important;}&#8221;][vc_column][vc_column_text css=&#8221;.vc_custom_1517841386526{margin-top: 1.5em !important;margin-bottom: -0.75em !important;}&#8221; el_class=&#8221;.textcolor-white&#8221;]<\/p>\n<h2 style=\"text-align: center;\">Our core competences<\/h2>\n<p>[\/vc_column_text][vc_row_inner el_class=&#8221;wk-imageRow wk-equalHeightImages&#8221;][vc_column_inner text_color=&#8221;__&#8221; heading_color=&#8221;__&#8221; link_color=&#8221;__&#8221; link_hover_color=&#8221;__&#8221; width=&#8221;1\/4&#8243; css=&#8221;.vc_custom_1499927584475{margin-top: 20px !important;margin-right: 20px !important;margin-bottom: 20px !important;margin-left: 20px !important;padding-top: 20px !important;padding-right: 20px !important;padding-bottom: 20px !important;padding-left: 20px !important;background-color: #ffffff !important;border-radius: 5px !important;}&#8221;][vc_single_image image=&#8221;49&#8243; img_size=&#8221;custom&#8221; img_size_custom=&#8221;150&#215;150&#8243; alignment=&#8221;center&#8221; onclick=&#8221;custom_link&#8221; el_class=&#8221;fourthImage&#8221; link=&#8221;\/ip-address-management&#8221;][vc_column_text]<\/p>\n<h4 style=\"text-align: center;\">DNS, DHCP and IP Address Management (DDI)<\/h4>\n<p>[\/vc_column_text][\/vc_column_inner][vc_column_inner text_color=&#8221;__&#8221; heading_color=&#8221;__&#8221; link_color=&#8221;__&#8221; link_hover_color=&#8221;__&#8221; width=&#8221;1\/4&#8243; css=&#8221;.vc_custom_1499927578311{margin-top: 20px !important;margin-right: 20px !important;margin-bottom: 20px !important;margin-left: 20px !important;padding-top: 20px !important;padding-right: 20px !important;padding-bottom: 20px !important;padding-left: 20px !important;background-color: #ffffff !important;border-radius: 5px !important;}&#8221;][vc_single_image image=&#8221;48&#8243; img_size=&#8221;custom&#8221; img_size_custom=&#8221;150&#215;150&#8243; alignment=&#8221;center&#8221; onclick=&#8221;custom_link&#8221; el_class=&#8221;thirdImage&#8221; link=&#8221;\/it-security-management&#8221;][vc_column_text]<\/p>\n<h4 style=\"text-align: center;\"><span class=\"vc_tta-title-text\">IT Security &amp; Risk Management<\/span><\/h4>\n<p>[\/vc_column_text][\/vc_column_inner][vc_column_inner text_color=&#8221;__&#8221; heading_color=&#8221;__&#8221; link_color=&#8221;__&#8221; link_hover_color=&#8221;__&#8221; width=&#8221;1\/4&#8243; css=&#8221;.vc_custom_1499257499126{margin-top: 20px !important;margin-right: 20px !important;margin-bottom: 20px !important;margin-left: 20px !important;padding-top: 20px !important;padding-right: 25px !important;padding-bottom: 20px !important;padding-left: 25px !important;background-color: #ffffff !important;border-radius: 5px !important;}&#8221;][vc_single_image image=&#8221;46&#8243; img_size=&#8221;custom&#8221; img_size_custom=&#8221;150&#215;150&#8243; alignment=&#8221;center&#8221; onclick=&#8221;custom_link&#8221; el_class=&#8221;secondImage&#8221; link=&#8221;\/it-service-management&#8221;][vc_column_text]<\/p>\n<h4 style=\"text-align: center;\">IT Service Management<\/h4>\n<p>[\/vc_column_text][\/vc_column_inner][vc_column_inner text_color=&#8221;__&#8221; heading_color=&#8221;__&#8221; link_color=&#8221;__&#8221; link_hover_color=&#8221;__&#8221; width=&#8221;1\/4&#8243; css=&#8221;.vc_custom_1499257505944{margin-top: 20px !important;margin-right: 20px !important;margin-bottom: 20px !important;margin-left: 20px !important;padding-top: 20px !important;padding-right: 20px !important;padding-bottom: 20px !important;padding-left: 20px !important;background-color: #ffffff !important;border-radius: 5px !important;}&#8221;][vc_single_image image=&#8221;40&#8243; img_size=&#8221;custom&#8221; img_size_custom=&#8221;150&#215;150&#8243; alignment=&#8221;center&#8221; onclick=&#8221;custom_link&#8221; el_class=&#8221;firstImage&#8221; link=&#8221;\/it-infrastructure-management&#8221;][vc_column_text]<\/p>\n<h4 style=\"text-align: center;\"><span class=\"vc_tta-title-text\">IT Service Assurance: End to End, IT Infrastructure and Application Performance Management<\/span><\/h4>\n<p>[\/vc_column_text][\/vc_column_inner][\/vc_row_inner][\/vc_column][\/vc_row][vc_row text_color=&#8221;__&#8221; heading_color=&#8221;__&#8221; link_color=&#8221;__&#8221; link_hover_color=&#8221;__&#8221; css=&#8221;.vc_custom_1499257928097{margin-top: 2em !important;margin-bottom: -2.5em !important;}&#8221;][vc_column][vc_column_text el_class=&#8221;wk-h3-doppeltitel h3&#8243;]<\/p>\n<h2 style=\"text-align: left;\">Our services<\/h2>\n<p>Our strengths lie in our experience and long-standing team, specialist know-how, motivation, team spirit and the flexibility with which we respond quickly without problems to our customers\u2019 needs.<\/p>\n<p>[\/vc_column_text][vc_row_inner][vc_column_inner width=&#8221;1\/2&#8243;][vc_column_text]<\/p>\n<ul>\n<li>Performance Care Services<\/li>\n<li>Consulting and IT Strategy Consultancy<\/li>\n<li>Professional Services throughout the entire Project Cycle<\/li>\n<\/ul>\n<p>[\/vc_column_text][\/vc_column_inner][vc_column_inner width=&#8221;1\/2&#8243;][vc_column_text]<\/p>\n<ul>\n<li>Project Management and Project Support<\/li>\n<li>Support and Helpdesk Services up to 24\/7<\/li>\n<li>Workshops and Training Courses<\/li>\n<\/ul>\n<p>[\/vc_column_text][\/vc_column_inner][\/vc_row_inner][\/vc_column][\/vc_row][vc_row content_width=&#8221;fullwidth&#8221; text_color=&#8221;__&#8221; heading_color=&#8221;__&#8221; link_color=&#8221;__&#8221; link_hover_color=&#8221;__&#8221; css=&#8221;.vc_custom_1495436542094{padding-top: 40px !important;padding-bottom: 40px !important;background: #222222 url(https:\/\/genesis.swiss\/wp-content\/uploads\/2017\/05\/genesis_background-10.png?id=65) !important;}&#8221; el_class=&#8221;.textcolor-white&#8221;][vc_column][vc_column_text]<\/p>\n<h2 style=\"text-align: center;\">Our guarantee of success<\/h2>\n<p>[\/vc_column_text][spring_shortcode_testimonials testimonial_values=&#8221;%5B%7B%22testimonial_content%22%3A%22We%20successfully%20plan%2C%20advise%20and%20realise%20projects%20for%20you!%22%2C%22testimonial_rate%22%3A%225%22%7D%2C%7B%22testimonial_content%22%3A%22Customised%20IT%20projects%20from%20a%20single%20source%22%2C%22testimonial_rate%22%3A%225%22%7D%2C%7B%22testimonial_content%22%3A%22Innovative%20solutions%20with%20leading%20technological%20solutions%22%2C%22testimonial_rate%22%3A%225%22%7D%2C%7B%22testimonial_content%22%3A%22Consistent%20competence%20from%20the%20technique%20to%20the%20process%22%2C%22testimonial_rate%22%3A%225%22%7D%2C%7B%22testimonial_content%22%3A%22Access%20to%20international%20resources%20through%20our%20partnership%20with%20the%20Devoteam%20Group%22%2C%22testimonial_rate%22%3A%225%22%7D%2C%7B%22testimonial_content%22%3A%22Product-neutral%20or%20product-oriented%20competence%22%2C%22testimonial_rate%22%3A%225%22%7D%2C%7B%22testimonial_content%22%3A%22Engineers%20and%20consultants%20with%20extensive%20experience%20and%20specialist%20know-how%22%2C%22testimonial_rate%22%3A%225%22%7D%2C%7B%22testimonial_content%22%3A%22Expertise%2C%20proven%20successes%20and%20competence%20in%20major%20IT%20environments%22%2C%22testimonial_rate%22%3A%225%22%7D%2C%7B%22testimonial_content%22%3A%22Best%20practices%20methods%20(tools%20and%20processes%20according%20to%20current%20standards)%22%2C%22testimonial_rate%22%3A%225%22%7D%2C%7B%22testimonial_content%22%3A%22Greater%20customer%20benefits%20thanks%20to%20our%20know-how%2C%20experience%20and%20professional%20implementation%22%2C%22testimonial_rate%22%3A%225%22%7D%5D&#8221; testimonial_show_author_avatar=&#8221;&#8221; testimonial_show_author_rating=&#8221;&#8221; testimonial_color_scheme=&#8221;color-light&#8221; testimonial_layout=&#8221;layout-slider&#8221; sc_loop=&#8221;1&#8243; sc_nav=&#8221;0&#8243; sc_dots=&#8221;1&#8243; sc_nav_pag_style=&#8221;owl-control-shortcodes&#8221; sc_nav_pag_scheme_color=&#8221;owl-color-dark&#8221; sc_autoplaytimeout=&#8221;5000&#8243; sc_mouse_wheel=&#8221;0&#8243; el_class=&#8221;.textcolor-white&#8221;][\/vc_column][\/vc_row][vc_row text_color=&#8221;__&#8221; heading_color=&#8221;__&#8221; link_color=&#8221;__&#8221; link_hover_color=&#8221;__&#8221; css=&#8221;.vc_custom_1499257975664{margin-top: 2em !important;}&#8221;][vc_column][vc_column_text el_class=&#8221;wk-h3-doppeltitel h3&#8243;]<\/p>\n<h2>Our experience &#8211; your added value<\/h2>\n<p>Our solutions and services are based on a multi-vendor approach, best practices for the provision of services and the experience of our employees in the various areas of IT. We support and guide you through the IT transformation process (on Premises and Cloud solutions, SaaS &amp; Managed Services) and provide you with solutions designed to optimise the quality and cost of your IT services.<\/p>\n<p>By supporting you through the entire project (analysis, design , project planning, implementation and training) and product lifecycle, and with our experience, service offering and know-how, we offer you, as our customer, significant benefits and real added value by drastically reducing your IT costs.<\/p>\n<p>Our experiences and results also make for a great basis on which to build a successful cooperation with you! We are distinguished as a provider through our efficiency, cost-optimisation and prompt implementation. However, the key to your success is our inclusion of your impetus throughout the entire solution process.<\/p>\n<p>By keeping in regular contact with our technology partners, we guarantee \u201cstate of the art solutions\u201d to further advance your digital future together &#8211; \u201cevolving your digital future\u201d.[\/vc_column_text][vc_column_text]<\/p>\n<h3>Gesch\u00e4ftsleitung<\/h3>\n<p>[\/vc_column_text][vc_row_inner css=&#8221;.vc_custom_1511517476080{margin-top: -10px !important;}&#8221;][vc_column_inner text_color=&#8221;__&#8221; heading_color=&#8221;__&#8221; link_color=&#8221;__&#8221; link_hover_color=&#8221;__&#8221; width=&#8221;1\/3&#8243;][spring_shortcode_team avatar_onclick=&#8221;&#8221; member_socials=&#8221;%5B%7B%22social_type%22%3A%22linkedin%22%2C%22social_url%22%3A%22https%3A%2F%2Fwww.linkedin.com%2Fin%2Fkurtbartsch%2F%3Flocale%3Dde_DE%22%7D%2C%7B%22social_type%22%3A%22xing%22%2C%22social_url%22%3A%22https%3A%2F%2Fwww.xing.com%2Fprofile%2FKurt_Bartsch%22%7D%5D&#8221; member_name=&#8221;Kurt Bartsch&#8221; member_url=&#8221;url:%23|||&#8221; member_role=&#8221;Managing Director \/ CEO, Dipl. Ing. Informatik FH&#8221; member_avatar=&#8221;1292&#8243; member_description=&#8221;Kurt Bartsch ist Gesch\u00e4ftsf\u00fchrer und Gr\u00fcndungsmitglied der GENESIS Swiss Team AG. Er hat mehr als 30 Jahre Erfahrung auf dem Gebiet der ICT mit einem fundierten technischen Wissen und langj\u00e4hrige Erfahrung in den Bereichen Sales-, Vertrieb- und Partner Management. Tendenzen und Trends des weltweiten ICT-Marktes korrekt einzusch\u00e4tzen und die resultierenden M\u00f6glichkeiten wahrzunehmen sind wichtige T\u00e4tigkeiten um innovative und zukunftsorientierte L\u00f6sungen und Services f\u00fcr unseren Kunden anbieten zu k\u00f6nnen unter dem Motto &#8211; \u00abevolving your digital future\u00bb.&#8221;][\/vc_column_inner][vc_column_inner width=&#8221;1\/3&#8243;][spring_shortcode_team avatar_onclick=&#8221;&#8221; member_socials=&#8221;%5B%7B%22social_type%22%3A%22linkedin%22%2C%22social_url%22%3A%22https%3A%2F%2Fwww.linkedin.com%2Fin%2Fj%25C3%25BCrg-reese-515884115%2F%3Fppe%3D1%22%7D%5D&#8221; member_name=&#8221;J\u00fcrg Reese&#8221; member_url=&#8221;url:%23|||&#8221; member_role=&#8221;Head of Services, Dipl Ing. Informatik FH&#8221; member_avatar=&#8221;1294&#8243; member_description=&#8221;J\u00fcrg Reese ist Mitglied der Gesch\u00e4ftsleitung und als Leiter Services zust\u00e4ndig f\u00fcr die effiziente und qualitativ hochstehende, professionelle Abwicklung und erfolgreiche Umsetzung unserer Services. J\u00fcrg Reese verf\u00fcgt \u00fcber mehr als 20 Jahre Erfahrung und Know-how in den Bereichen System Integration, IP Service Management und Projekt Management. Es ist ihm ein Anliegen, mit unseren Consulting und Professional Services, die Kundenprojekte erfolgreich umzusetzen und somit eine hohe Kundenzufriedenheit zu gew\u00e4hrleisten.&#8221;][\/vc_column_inner][vc_column_inner width=&#8221;1\/3&#8243;][spring_shortcode_team avatar_onclick=&#8221;&#8221; member_socials=&#8221;%5B%7B%22social_type%22%3A%22linkedin%22%2C%22social_url%22%3A%22https%3A%2F%2Fwww.linkedin.com%2Fin%2Fgerhard-bartsch-8508255%2F%3Fppe%3D1%22%7D%2C%7B%22social_type%22%3A%22xing%22%2C%22social_url%22%3A%22https%3A%2F%2Fwww.xing.com%2Fprofile%2FGerhard_Bartsch%22%7D%5D&#8221; member_name=&#8221;Gerhard Bartsch&#8221; member_url=&#8221;url:%23|||&#8221; member_role=&#8221;Head of Security, Dipl. Inf. Ing. FH\/BWL FH\/MBA&#8221; member_avatar=&#8221;1295&#8243; member_description=&#8221;Gerhard Bartsch ist Mitglied der Gesch\u00e4ftsleitung und verantwortlich f\u00fcr den Bereich Security. Er bringt langj\u00e4hrige Berufserfahrung im Vertrieb, Sales- und Channel Management in seine Position als \u201eHead of Security\u201c mit ein. Sein Hauptfokus bei Genesis liegt darin, unseren Kunden innovative und zukunftsorientierte Security L\u00f6sungen und Security Services anbieten zu k\u00f6nnen und es unseren Kunden somit zu erm\u00f6glichen, sich besser vor Cyberattacken sch\u00fctzen zu k\u00f6nnen.&#8221;][\/vc_column_inner][\/vc_row_inner][\/vc_column][\/vc_row][vc_row][vc_column][spring_shortcode_content_template template=&#8221;callout-en&#8221;][\/vc_column][\/vc_row][vc_row text_color=&#8221;__&#8221; heading_color=&#8221;__&#8221; link_color=&#8221;__&#8221; link_hover_color=&#8221;__&#8221; hide_on_desktop=&#8221;1&#8243; hide_on_tablet=&#8221;1&#8243; hide_on_mobile=&#8221;1&#8243;][vc_column][vc_raw_js]JTNDc2NyaXB0JTIwdHlwZSUzRCUyMnRleHQlMkZqYXZhc2NyaXB0JTIyJTNFJTBBJTIwJTIwalF1ZXJ5JTI4ZG9jdW1lbnQlMjkucmVhZHklMjhmdW5jdGlvbiUyOCUyOSUyMCU3QiUwQSUyMCUyMCUyMCUyMHZhciUyMGltZyUzQiUwQSUyMCUyMCUyMCUyMHZhciUyMGNvdW50JTNCJTBBJTIwJTIwJTIwJTIwalF1ZXJ5JTI4JTI3LndrLWltYWdlUm93JTIwJTNFJTIwZGl2JTI3JTI5LmVhY2glMjhmdW5jdGlvbiUyOGluZGV4JTJDJTIwaW1nJTI5JTdCJTBBJTIwJTIwJTIwJTIwJTIwJTIwJTIwaW1nJTIwJTNEJTIwalF1ZXJ5JTI4dGhpcyUyOS5maW5kJTI4JTI3aW1nJTI3JTI5JTNCJTBBJTBBJTIwJTIwJTIwJTIwJTIwJTIwJTIwJTJGJTJGTW91c2VvdmVyJTIwRlVua3Rpb24lMEElMjAlMjAlMjAlMjAlMjAlMjAlMjBqUXVlcnklMjhpbWclMjkubW91c2VvdmVyJTI4ZnVuY3Rpb24lMjAlMjglMjklN0IlMEElMjAlMjAlMjAlMjAlMjAlMjAlMjAlMjAlMjAlMjAlMjBqUXVlcnklMjhpbWclMjkuYXR0ciUyOCUyN3NyY3NldCUyNyUyQyUyMiUyRndwLWNvbnRlbnQlMkZ1cGxvYWRzJTJGMjAxNyUyRjA3JTJGbWFzdGVyX2dlbmVzaXMtJTIyJTJCaW5kZXglMkIlMjJfZmFyYmFuYXBhc3N1bmcucG5nJTIyJTI5JTNCJTBBJTIwJTIwJTIwJTIwJTIwJTIwJTIwJTdEJTI5JTNCJTBBJTBBJTIwJTIwJTIwJTIwJTIwJTIwJTIwJTJGJTJGTW91c2VvdXQlMjBGdW5rdGlvbiUwQSUyMCUyMCUyMCUyMCUyMCUyMCUyMGpRdWVyeSUyOGltZyUyOS5tb3VzZW91dCUyOGZ1bmN0aW9uJTIwJTI4JTI5JTdCJTBBJTIwJTIwJTIwJTIwJTIwJTIwJTIwJTIwJTIwJTIwJTIwalF1ZXJ5JTI4aW1nJTI5LmF0dHIlMjglMjdzcmNzZXQlMjclMkMlMjIlMkZ3cC1jb250ZW50JTJGdXBsb2FkcyUyRjIwMTclMkYwNyUyRm1hc3Rlcl9nZW5lc2lzLWhvdmVyT3V0LSUyMiUyQmluZGV4JTJCJTIyX2ZhcmJhbmFwYXNzdW5nLnBuZyUyMiUyOSUzQiUwQSUyMCUyMCUyMCUyMCUyMCUyMCUyMCU3RCUyOSUzQiUwQSUyMCUyMCUyMCUyMCU3RCUyOSUzQiUwQSUyMCUyMCU3RCUyOSUzQiUwQSUzQyUyRnNjcmlwdCUzRSUwQQ==[\/vc_raw_js][\/vc_column][\/vc_row]<\/p>\n<\/div>","protected":false},"excerpt":{"rendered":"<p>[vc_row content_width=&#8221;fullwidth&#8221; content_placement=&#8221;middle&#8221; text_color=&#8221;__&#8221; heading_color=&#8221;__&#8221; link_color=&#8221;__&#8221; link_hover_color=&#8221;__&#8221; el_class=&#8221;.vc_row-slider&#8221; css=&#8221;.vc_custom_1495117341875{margin-top: -1.5em !important;margin-bottom: -1.5em !important;}&#8221;][vc_column][vc_single_image image=&#8221;853&#8243; img_size=&#8221;custom&#8221; img_size_custom=&#8221;2560&#215;450&#8243; alignment=&#8221;center&#8221;][\/vc_column][\/vc_row][vc_row text_color=&#8221;__&#8221; heading_color=&#8221;__&#8221; link_color=&#8221;__&#8221; link_hover_color=&#8221;__&#8221; css=&#8221;.vc_custom_1499255979989{margin-top: 2.5em !important;}&#8221;][vc_column][vc_column_text el_class=&#8221;wk-h3-doppeltitel h3&#8243;] GENESIS Swiss Team AG \u00abevolving your digital future\u00bb We have been planning, realising and providing our customers with complete \u201cBest Practices\u201d solutions from a&#8230;<\/p>\n","protected":false},"author":1,"featured_media":0,"parent":0,"menu_order":0,"comment_status":"closed","ping_status":"closed","template":"","meta":{"footnotes":""},"class_list":["post-1577","page","type-page","status-publish","hentry"],"_links":{"self":[{"href":"https:\/\/genesis.swiss\/en\/wp-json\/wp\/v2\/pages\/1577","targetHints":{"allow":["GET"]}}],"collection":[{"href":"https:\/\/genesis.swiss\/en\/wp-json\/wp\/v2\/pages"}],"about":[{"href":"https:\/\/genesis.swiss\/en\/wp-json\/wp\/v2\/types\/page"}],"author":[{"embeddable":true,"href":"https:\/\/genesis.swiss\/en\/wp-json\/wp\/v2\/users\/1"}],"replies":[{"embeddable":true,"href":"https:\/\/genesis.swiss\/en\/wp-json\/wp\/v2\/comments?post=1577"}],"version-history":[{"count":9,"href":"https:\/\/genesis.swiss\/en\/wp-json\/wp\/v2\/pages\/1577\/revisions"}],"predecessor-version":[{"id":1742,"href":"https:\/\/genesis.swiss\/en\/wp-json\/wp\/v2\/pages\/1577\/revisions\/1742"}],"wp:attachment":[{"href":"https:\/\/genesis.swiss\/en\/wp-json\/wp\/v2\/media?parent=1577"}],"curies":[{"name":"wp","href":"https:\/\/api.w.org\/{rel}","templated":true}]}}