{"id":1602,"date":"2018-02-05T15:24:46","date_gmt":"2018-02-05T15:24:46","guid":{"rendered":"https:\/\/genesis.swiss\/?page_id=1602"},"modified":"2018-02-13T12:03:10","modified_gmt":"2018-02-13T12:03:10","slug":"jobs","status":"publish","type":"page","link":"https:\/\/genesis.swiss\/en\/jobs\/","title":{"rendered":"Jobs"},"content":{"rendered":"<div class=\"wpb-content-wrapper\"><p>[vc_row content_width=&#8221;fullwidth&#8221; content_placement=&#8221;middle&#8221; text_color=&#8221;__&#8221; heading_color=&#8221;__&#8221; link_color=&#8221;__&#8221; link_hover_color=&#8221;__&#8221; el_class=&#8221;.vc_row-slider&#8221; css=&#8221;.vc_custom_1495117341875{margin-top: -1.5em !important;margin-bottom: -1.5em !important;}&#8221;][vc_column][vc_single_image image=&#8221;1128&#8243; img_size=&#8221;custom&#8221; img_size_custom=&#8221;2560&#215;450&#8243; alignment=&#8221;center&#8221;][\/vc_column][\/vc_row][vc_row][vc_column][vc_column_text]<\/p>\n<h1>Join our team!<\/h1>\n<p>The GENESIS Swiss Team offers exciting and varied jobs in a dynamic setting. You are also free to work independently and take on responsibilities.<\/p>\n<p>A pleasant corporate culture is essential for creating a team that works well and to fully develop personal potential. Our work environment is informal and pleasant and our team is made up of diverse personalities.<\/p>\n<p>Our setting offers plenty of scope for flexibility. We place great importance on the personal and professional goals of each employee, which is why we support them in their training and further education.<br \/>\n[\/vc_column_text][\/vc_column][\/vc_row][vc_row text_color=&#8221;__&#8221; heading_color=&#8221;__&#8221; link_color=&#8221;__&#8221; link_hover_color=&#8221;__&#8221; css=&#8221;.vc_custom_1498654711485{margin-top: -2.5em !important;}&#8221;][vc_column][vc_column_text]<\/p>\n<h3>Join our team! Here are our current vacancies:<\/h3>\n<p>[\/vc_column_text][vc_tta_tour active_section=&#8221;1&#8243;][vc_tta_section title=&#8221;Lehrstelle Informatiker\/in EFZ&#8221; tab_id=&#8221;1507211761284-850ff074-1c30&#8243;][vc_column_text css=&#8221;.vc_custom_1507022018871{margin-bottom: 0px !important;}&#8221;]Als GENESIS Swiss Team AG planen, realisieren und betreiben wir in der Schweiz L\u00f6sungen in den Bereichen IT Service Management, Service Assurance, IT Security &amp; Risk Management und DNS\/DHCP &amp; IP Adressen Management (DDI).<\/p>\n<p>Unser Mission-Statement: Wir unterst\u00fctzen unsere Kunden bei der Optimierung der IT &amp; Business Performance, in dem wir Business und Technologie miteinander verbinden!<\/p>\n<p style=\"text-align: center;\"><strong>Wir suchen Dich!<\/strong><\/p>\n<p>F\u00fcr Sommer 2018 haben wir in Ostermundigen eine Lehrstelle als Informatiker\/in EFZ in Richtung Systemtechnik offen:<\/p>\n<p style=\"text-align: center;\"><strong>Lehrstelle Informatiker\/in EFZ (Systemtechnik)<\/strong><\/p>\n<p>&nbsp;<\/p>\n<p><strong>Wir bieten Dir:<br \/>\n<\/strong>Wir bieten Dir eine abwechslungsreiche und spannende Lehrstelle als Informatiker\/in EFZ Systemtechnik.<br \/>\nWenn Dich dieser Lehrberuf interessiert, dann bist Du bei uns genau richtig! Wir suchen motivierte und begeisterte Talente. Starte Deine Zukunft bei uns und bewirb Dich noch heute bei Andrea Nyffeler!<\/p>\n<p>&nbsp;<\/p>\n<p><strong>Unsere Anforderungen:<br \/>\n<\/strong>Um die Lehre als Informatiker\/in EFZ erfolgreich zu absolvieren, solltest Du folgende Anforderungen erf\u00fcllen:<\/p>\n<ul>\n<li>abgeschlossene Volksschule<\/li>\n<li>sehr gute Leistungen in den naturwissenschaftlichen und\u00a0mathematischen F\u00e4chern<\/li>\n<li>Teamf\u00e4higkeit<\/li>\n<li>logisch-abstraktes Denkverm\u00f6gen<\/li>\n<li>Kreativit\u00e4t bei der L\u00f6sungssuche<\/li>\n<li>rasche Auffassungsgabe<\/li>\n<li>r\u00e4umliches Vorstellungsverm\u00f6gen<\/li>\n<li>ausgepr\u00e4gte Konzentrationsf\u00e4higkeit<\/li>\n<li>systematische Arbeitsweise<\/li>\n<li>Geduld und Ausdauer<\/li>\n<li>gute Deutsch und Englischkenntnisse<\/li>\n<li>Multicheck in Richtung Informatik (ITC) erw\u00fcnscht<\/li>\n<\/ul>\n<p>&nbsp;<\/p>\n<p><strong>Deine Bewerbung:<br \/>\n<\/strong>Deine Bewerbung sollte folgenden Unterlagen enthalten:<\/p>\n<ul>\n<li>Bewerbungsschreiben<\/li>\n<li>Lebenslauf<\/li>\n<li>Schulzeugnisse<\/li>\n<li>Bewertungen der Schnupperlehren (falls vorhanden)<\/li>\n<li>Ergebnisse Multicheck ITC (falls vorhanden)<\/li>\n<\/ul>\n<p>Bitte sende Deine Unterlagen als pdf Dokumente via Email.<\/p>\n<p>&nbsp;<\/p>\n<p>[\/vc_column_text][vc_row_inner content_placement=&#8221;bottom&#8221; css=&#8221;.vc_custom_1498825898269{margin-top: -1.5em !important;}&#8221;][vc_column_inner width=&#8221;1\/3&#8243;][vc_column_text]<strong>Kontakt<br \/>\n<\/strong>GENESIS Swiss Team AG<br \/>\nFrau Andrea Nyffeler<br \/>\nHR Assistant<br \/>\nBernstrasse 34<br \/>\n3072 Ostermundigen<br \/>\n031 560 35 38<br \/>\n<a href=\"mailto:Andrea.Nyffeler@genesis.swiss\">Andrea.Nyffeler@genesis.swiss <\/a><br \/>\n<a href=\"http:\/\/www.genesis.swiss\">http:\/\/www.genesis.swiss<\/a>[\/vc_column_text][\/vc_column_inner][vc_column_inner vertical_align=&#8221;block-align-bottom&#8221; text_color=&#8221;__&#8221; heading_color=&#8221;__&#8221; link_color=&#8221;__&#8221; link_hover_color=&#8221;__&#8221; width=&#8221;1\/3&#8243;][\/vc_column_inner][vc_column_inner vertical_align=&#8221;block-align-bottom&#8221; text_color=&#8221;__&#8221; heading_color=&#8221;__&#8221; link_color=&#8221;__&#8221; link_hover_color=&#8221;__&#8221; width=&#8221;1\/3&#8243;][vc_btn title=&#8221;Jetzt bewerben&#8221; style=&#8221;outline-custom&#8221; outline_custom_color=&#8221;#cb1c23&#8243; outline_custom_hover_background=&#8221;#cb1c23&#8243; outline_custom_hover_text=&#8221;#ffffff&#8221; align=&#8221;center&#8221; button_block=&#8221;true&#8221; link=&#8221;url:mailto%3AAndrea.Nyffeler%40genesis.swiss%3Fsubject%3DLehrstelle%202018|||&#8221;][vc_btn title=&#8221;Als PDF downloaden&#8221; style=&#8221;outline-custom&#8221; outline_custom_color=&#8221;#cb1c23&#8243; outline_custom_hover_background=&#8221;#cb1c23&#8243; outline_custom_hover_text=&#8221;#ffffff&#8221; align=&#8221;center&#8221; button_block=&#8221;true&#8221; link=&#8221;url:https%3A%2F%2Fgenesis.swiss%2Fwp-content%2Fuploads%2F2017%2F10%2F2018-Lehrstelle-Inform.-EFZ-Systemtechnik-Okt-2017.pdf|||&#8221;][\/vc_column_inner][\/vc_row_inner][\/vc_tta_section][vc_tta_section title=&#8221;Consultant DDI (m\/w)&#8221; tab_id=&#8221;1498653904556-e5a63ebd-e883&#8243;][vc_column_text css=&#8221;.vc_custom_1508144932843{margin-bottom: 0px !important;}&#8221;]Als GENESIS Swiss Team AG planen, realisieren und betreiben wir in der Schweiz L\u00f6sungen in den Bereichen IT Service Management, Service Assurance, IT Security &amp; Risk Management und DNS\/DHCP &amp; IP Adressen Management (DDI).<\/p>\n<p>Unser Mission-Statement: Wir unterst\u00fctzen unsere Kunden bei der Optimierung der IT &amp; Business Performance, indem wir Business und Technologie miteinander verbinden!<\/p>\n<p>Zur Verst\u00e4rkung unseres IP Address Management (IPAM) Teams suchen wir in Bern oder Z\u00fcrich per sofort einen<\/p>\n<p>&nbsp;<\/p>\n<p style=\"text-align: center;\"><strong>IPAM Engineer &#8211; Consultant (m\/w)<\/strong><\/p>\n<p style=\"text-align: center;\"><strong>(Ref.-Nr. 2017_IPAM)<\/strong><\/p>\n<p>&nbsp;<\/p>\n<p><strong>\u00a0<\/strong><\/p>\n<p><strong>Stellenbeschreibung<br \/>\n<\/strong>Du bist verantwortlich f\u00fcr eine professionelle Durchf\u00fchrung unserer Projekte im Bereich DDI (DNS, DHCP &amp; IP Address Management). Du planst, entwickelst und implementierst Kundenprojekte mit unseren IPAM Management L\u00f6sungen (z.B. Nokia VitalQIP, efficientIP). Dabei erstellst Du zusammen mit den Kunden IP, DNS und\/oder DHCP Konzepte und setzt diese mit unseren IP Address Management L\u00f6sungen um. Deine sorgf\u00e4ltige Arbeit tr\u00e4gt wesentlich zum Erfolg unserer Kundenprojekte bei. Ein wesentlicher Teil Deiner T\u00e4tigkeit erfolgt vor Ort und in Zusammenarbeit mit den Kunden.<\/p>\n<p>Du wirst gen\u00fcgend Zeit haben um Dich in das neue Gebiet einzuarbeiten, wobei Du von einem bestehenden und lange etablierten Team von IPAM Spezialisten unterst\u00fctzt wirst.<\/p>\n<p>Als wichtiger Ansprechpartner f\u00fcr unsere Kunden betreust Du diese auch \u00fcber die Projektdauer hinaus als 2nd und 3rd Level Support Engineer. Zudem stehst Du f\u00fcr unsere Verkaufs- und Marketingabteilung als Spezialist zur Verf\u00fcgung und unterst\u00fctzt sie bei entsprechenden Aktivit\u00e4ten.<\/p>\n<p>&nbsp;<\/p>\n<p><strong>Qualifikation<br \/>\n<\/strong>Du hast eine h\u00f6here Ausbildung als Informatiker (FH\/Uni\/ETH) erfolgreich abgeschlossen und weist einige Jahre Berufserfahrung vor. Idealerweise hast Du schon erste Praxiserfahrung mit DNS (ISC BIND, MS DNS), DHCP, DHCPv6 und IP Address Management oder kennst sogar Produkte aus diesem Gebiet. Ausserdem verf\u00fcgst Du \u00fcber Kenntnisse der Netzwerkprotokolle wie TCP\/IP und allenfalls IPv6. Produkterfahrung im IPAM Bereich (Nokia VitalQIP, efficientIP) ist erw\u00fcnscht aber keine Bedingung.<\/p>\n<p>Weiter zeichnest Du Dich durch eine professionelle Arbeitsweise aus und verstehst es, Projekte ziel- und kundenorientiert durchzuf\u00fchren. Gute Kenntnisse in Deutsch und Englisch sowie hohe Flexibilit\u00e4t, Teamf\u00e4higkeit und ein sicheres Auftreten im Umgang mit Kunden runden Dein vielseitiges Profil ab.<\/p>\n<p>&nbsp;<\/p>\n<p><strong>Unser Angebot<\/strong><br \/>\nWir bieten Dir ein lebhaftes, interessantes und abwechslungsreiches Arbeitsumfeld in einem technisch sehr spannenden Gebiet. Dein Engagement und Deine Initiative belohnen wir mit viel Selbst\u00e4ndigkeit und fortschrittlichen Anstellungsbedingungen.<\/p>\n<p><strong>\u00a0<\/strong><\/p>\n<p><strong>Bewerbung<br \/>\n<\/strong>Haben wir Dein Interesse geweckt? Dann freuen wir uns auf ein pers\u00f6nliches Gespr\u00e4ch. Sende uns bitte Deine vollst\u00e4ndige Bewerbung inklusive der Zeugnisse und Deine Gehaltsvorstellung unter Angabe der Referenznummer zu.<\/p>\n<p>Um eine zeitnahe Bearbeitung Deiner Bewerbung und somit ein schnelles Feedback zu gew\u00e4hrleisten, empfehlen wir Dir eine Bewerbung per Email.<\/p>\n<p>&nbsp;<\/p>\n<p>[\/vc_column_text][vc_row_inner content_placement=&#8221;bottom&#8221; css=&#8221;.vc_custom_1498825898269{margin-top: -1.5em !important;}&#8221;][vc_column_inner width=&#8221;1\/3&#8243;][vc_column_text]<strong>Kontakt<br \/>\n<\/strong>GENESIS Swiss Team AG<br \/>\nFrau Andrea Nyffeler<br \/>\nHR Assistant<br \/>\nBernstrasse 34<br \/>\n3072 Ostermundigen<br \/>\n031 560 35 38<br \/>\n<a href=\"mailto:Andrea.Nyffeler@genesis.swiss\">Andrea.Nyffeler@genesis.swiss <\/a><br \/>\n<a href=\"http:\/\/www.genesis.swiss\">http:\/\/www.genesis.swiss<\/a>[\/vc_column_text][\/vc_column_inner][vc_column_inner vertical_align=&#8221;block-align-bottom&#8221; text_color=&#8221;__&#8221; heading_color=&#8221;__&#8221; link_color=&#8221;__&#8221; link_hover_color=&#8221;__&#8221; width=&#8221;1\/3&#8243;][\/vc_column_inner][vc_column_inner vertical_align=&#8221;block-align-bottom&#8221; text_color=&#8221;__&#8221; heading_color=&#8221;__&#8221; link_color=&#8221;__&#8221; link_hover_color=&#8221;__&#8221; width=&#8221;1\/3&#8243;][vc_btn title=&#8221;Jetzt bewerben&#8221; style=&#8221;outline-custom&#8221; outline_custom_color=&#8221;#cb1c23&#8243; outline_custom_hover_background=&#8221;#cb1c23&#8243; outline_custom_hover_text=&#8221;#ffffff&#8221; align=&#8221;center&#8221; button_block=&#8221;true&#8221; link=&#8221;url:mailto%3AAndrea.Nyffeler%40genesis.swiss%3Fsubject%3DRef.-Nr.%202017_IPAM|||&#8221;][vc_btn title=&#8221;Als PDF downloaden&#8221; style=&#8221;outline-custom&#8221; outline_custom_color=&#8221;#cb1c23&#8243; outline_custom_hover_background=&#8221;#cb1c23&#8243; outline_custom_hover_text=&#8221;#ffffff&#8221; align=&#8221;center&#8221; button_block=&#8221;true&#8221; link=&#8221;url:https%3A%2F%2Fgenesis.swiss%2Fwp-content%2Fuploads%2F2017%2F10%2FConsultant-DDI-Aug-2017-V2.0-DU-Version.pdf|||&#8221;][\/vc_column_inner][\/vc_row_inner][\/vc_tta_section][vc_tta_section title=&#8221;Consultant ITSM (m\/w)&#8221; tab_id=&#8221;1502884611852-15f99d16-d13a&#8221;][vc_column_text css=&#8221;.vc_custom_1508144608156{margin-bottom: 0px !important;}&#8221;]Als GENESIS Swiss Team AG planen, realisieren und betreiben wir in der Schweiz L\u00f6sungen in den Bereichen IT Service Management, Service Assurance, IT Security &amp; Risk Management und DNS\/DHCP &amp; IP Adressen Management (DDI).<\/p>\n<p>Unser Mission-Statement: Wir unterst\u00fctzen unsere Kunden bei der Optimierung der IT &amp; Business Performance, in dem wir Business und Technologie miteinander verbinden!<\/p>\n<p>F\u00fcr den Standort <strong>Bern oder Z\u00fcrich<\/strong> suchen wir zum n\u00e4chstm\u00f6glichen Einsatz engagierte<\/p>\n<p>&nbsp;<\/p>\n<p style=\"text-align: center;\"><strong>Consultant ITSM<\/strong><strong> (m\/w)<\/strong><\/p>\n<p style=\"text-align: center;\"><strong>(Ref.-Nr. 2017_CH-ITSM-01)<\/strong><\/p>\n<p><strong>\u00a0<\/strong><\/p>\n<p><strong>Stellenbeschreibung<br \/>\n<\/strong>Du bist verantwortlich f\u00fcr die kundengerechte und professionelle Planung und Durchf\u00fchrung von Projekten. In den Kundenprojekten bist Du verantwortlich f\u00fcr die Service Management-Prozessdefinitionen (u.a. Incident-, Problem-, Change- und Configuration-Management) und implementierst diese mit unseren ITSM L\u00f6sungen. Dank Deiner Erfahrung hilfst Du aktiv mit, die Marktposition im Bereich ITSM auszubauen und unseren Kunden einen Mehrwert zu verschaffen. Zudem stehst Du f\u00fcr unsere Verkaufs- und Marketingabteilung als Spezialist zur Verf\u00fcgung und hilfst bei entsprechenden Presales-Aktivit\u00e4ten mit.<\/p>\n<p><strong>\u00a0<\/strong><\/p>\n<p><strong>Qualifikation<br \/>\n<\/strong>Idealerweise besitzt Du eine h\u00f6here Ausbildung als Informatiker (FH\/Uni\/ETH) und hast Erfahrungen im Bereich ITSM Prozessmodellierung nach ITIL. Wir setzen voraus, dass Du Dir in Deiner bisherigen Laufbahn Erfahrungen mit Systems-Management und ITSM Tools (insbesondere ServiceNow) aneignen konntest. Weiter zeichnest Du Dich durch eine professionelle Arbeitsweise aus und verstehst es, Projekte ziel- und kundenorientiert zu leiten. Sehr gute Deutsch und gute Englisch Kenntnisse setzen wir voraus. Franz\u00f6sischkenntnisse sind ein Plus.<\/p>\n<p>Um in dieser Rolle erfolgreich zu sein, ben\u00f6tigst Du zudem ein gutes Verst\u00e4ndnis f\u00fcr die Software Entwicklung und Erfahrungen mit:<\/p>\n<ul>\n<li>Web Technologien [JavaScript (jQuery, AngularJS) HTML, CSS]<\/li>\n<li>API\u2019s, Web Services (REST\/SOAP)<\/li>\n<\/ul>\n<p>Eigeninitiative, eine selbst\u00e4ndige und verantwortungsbewusste Arbeitsweise sowie hohe Flexibilit\u00e4t, ein sicheres Auftreten im Umgang mit Kunden und Freude an Reiset\u00e4tigkeiten runden Dein vielseitiges Profil ab.<\/p>\n<p><strong>\u00a0<\/strong><\/p>\n<p><strong>Unser Angebot<br \/>\n<\/strong>Wir bieten Dir ein lebhaftes, interessantes und abwechslungsreiches Arbeitsumfeld. Du arbeitest in einem technisch sehr spannenden Gebiet mit zukunftsorientierten L\u00f6sungen und innovativen Technologien. Dein Engagement und Deine Initiative belohnen wir mit viel Selbst\u00e4ndigkeit und fortschrittlichen Anstellungsbedingungen. Unser Arbeitsumfeld ist durch Offenheit, Fairness und Respekt gepr\u00e4gt.<\/p>\n<p><strong>\u00a0<\/strong><\/p>\n<p><strong>Bewerbung<br \/>\n<\/strong>Haben wir Dein Interesse geweckt? Dann freuen wir uns auf ein pers\u00f6nliches Gespr\u00e4ch. Sende uns bitte Deine vollst\u00e4ndige Bewerbung inklusive der Zeugnisse und Deiner Gehaltsvorstellung unter Angabe der Referenznummer zu.<\/p>\n<p>Um eine zeitnahe Bearbeitung Deiner Bewerbung und somit ein schnelles Feedback an Dich zu gew\u00e4hrleisten, empfehlen wir Dir eine Bewerbung per Email.<\/p>\n<p>&nbsp;<\/p>\n<p>[\/vc_column_text][vc_row_inner content_placement=&#8221;bottom&#8221; css=&#8221;.vc_custom_1498825898269{margin-top: -1.5em !important;}&#8221;][vc_column_inner width=&#8221;1\/3&#8243;][vc_column_text]<strong>Kontakt<br \/>\n<\/strong>GENESIS Swiss Team AG<br \/>\nFrau Andrea Nyffeler<br \/>\nHR Assistant<br \/>\nBernstrasse 34<br \/>\n3072 Ostermundigen<br \/>\n031 560 35 38<br \/>\n<a href=\"mailto:Andrea.Nyffeler@genesis.swiss\">Andrea.Nyffeler@genesis.swiss <\/a><br \/>\n<a href=\"http:\/\/www.genesis.swiss\">http:\/\/www.genesis.swiss<\/a>[\/vc_column_text][\/vc_column_inner][vc_column_inner vertical_align=&#8221;block-align-bottom&#8221; text_color=&#8221;__&#8221; heading_color=&#8221;__&#8221; link_color=&#8221;__&#8221; link_hover_color=&#8221;__&#8221; width=&#8221;1\/3&#8243;][\/vc_column_inner][vc_column_inner vertical_align=&#8221;block-align-bottom&#8221; text_color=&#8221;__&#8221; heading_color=&#8221;__&#8221; link_color=&#8221;__&#8221; link_hover_color=&#8221;__&#8221; width=&#8221;1\/3&#8243;][vc_btn title=&#8221;Jetzt bewerben&#8221; style=&#8221;outline-custom&#8221; outline_custom_color=&#8221;#cb1c23&#8243; outline_custom_hover_background=&#8221;#cb1c23&#8243; outline_custom_hover_text=&#8221;#ffffff&#8221; align=&#8221;center&#8221; button_block=&#8221;true&#8221; link=&#8221;url:mailto%3AAndrea.Nyffeler%40genesis.swiss%3Fsubject%3DRef.-Nr.%202017_CH-ITSM-01|||&#8221;][vc_btn title=&#8221;Als PDF downloaden&#8221; style=&#8221;outline-custom&#8221; outline_custom_color=&#8221;#cb1c23&#8243; outline_custom_hover_background=&#8221;#cb1c23&#8243; outline_custom_hover_text=&#8221;#ffffff&#8221; align=&#8221;center&#8221; button_block=&#8221;true&#8221; link=&#8221;url:https%3A%2F%2Fgenesis.swiss%2Fwp-content%2Fuploads%2F2017%2F10%2FConsultant-ITSM-Okt-2017-V2.0-DU-Version.pdf|||&#8221;][\/vc_column_inner][\/vc_row_inner][\/vc_tta_section][vc_tta_section title=&#8221;Junior Consultant ITSM (m\/w)&#8221; tab_id=&#8221;1508145615979-d720879a-02fa&#8221;][vc_column_text css=&#8221;.vc_custom_1508145725165{margin-bottom: 0px !important;}&#8221;]Als GENESIS Swiss Team AG planen, realisieren und betreiben wir in der Schweiz L\u00f6sungen in den Bereichen IT Service Management, Service Assurance, IT Security &amp; Risk Management und DNS\/DHCP &amp; IP Adressen Management (DDI).<\/p>\n<p>Unser Mission-Statement: Wir unterst\u00fctzen unsere Kunden bei der Optimierung der IT &amp; Business Performance, in dem wir Business und Technologie miteinander verbinden!<\/p>\n<p>F\u00fcr den Standort <strong>Bern oder Z\u00fcrich<\/strong> suchen wir zum n\u00e4chstm\u00f6glichen Einsatz engagierte<\/p>\n<p>&nbsp;<\/p>\n<p style=\"text-align: center;\"><strong>Junior Consultant ITSM<\/strong><strong> (m\/w)<\/strong><\/p>\n<p style=\"text-align: center;\"><strong>(Ref.-Nr. 2017_CH-J-ITSM-01)<\/strong><\/p>\n<p><strong>\u00a0<\/strong><\/p>\n<p><strong>Stellenbeschreibung<br \/>\n<\/strong>Mit Deiner kundengerechten und professionellen Mitarbeit leistest Du einen wichtigen Beitrag bei der Planung und Durchf\u00fchrung von IT-Service-Management Projekten. Du hilfst mit bei der Entwicklung kundenspezifischer Applikationen im ITSM-Umfeld. Dies auf modernsten Entwicklungsplattformen und mit agilen Software-Entwicklungsmethoden.<\/p>\n<p>Zudem tr\u00e4gst Du dazu bei, unsere Marktposition im Bereich ITSM auszubauen und unseren Kunden einen Mehrwert zu verschaffen. Neben der Unterst\u00fctzung von unserer Verkaufs- und Marketingabteilung sowie bei Pre-Sales Aktivit\u00e4ten begleitest Du Workshops und Trainings.<\/p>\n<p><strong>\u00a0<\/strong><\/p>\n<p><strong>Qualifikation<br \/>\n<\/strong>Idealerweise hast Du ein Studium der (Wirtschafts-) Informatik abgeschlossen oder Du verf\u00fcgst \u00fcber eine vergleichbare Ausbildung. Erste Erfahrungen mit Webtechnologien, WebServices, Datenbanken, HTML5 und JavaScript setzen wir voraus. Kenntnisse in agiler Softwareentwicklung und erste Erfahrungen mit ITIL Prozessen und Plattformen (vorzugsweise ServiceNow) sind von Vorteil. Sehr gute Deutsch- und gute Englischkenntnisse setzen wir voraus. Franz\u00f6sischkenntnisse sind ein Plus.<\/p>\n<p>Weiter zeichnest Du Dich durch eine professionelle, selbst\u00e4ndige und verantwortungsbewusste Arbeitsweise aus.<\/p>\n<p>Teamf\u00e4higkeit, Flexibilit\u00e4t, ein sicheres Auftreten im Umgang mit Kunden und Freude an Reiset\u00e4tigkeiten runden Dein vielseitiges Profil ab.<\/p>\n<p>&nbsp;<\/p>\n<p><strong>Unser Angebot<br \/>\n<\/strong>Wir bieten Dir ein lebhaftes, interessantes und abwechslungsreiches Arbeitsumfeld. Du arbeitest in einem technisch sehr spannenden Gebiet mit zukunftsorientierten L\u00f6sungen und innovativen Technologien. Dein Engagement und Deine Initiative belohnen wir mit viel Selbst\u00e4ndigkeit und fortschrittlichen Anstellungsbedingungen. Unser Arbeitsumfeld ist durch Offenheit, Fairness und Respekt gepr\u00e4gt.<\/p>\n<p><strong>\u00a0<\/strong><\/p>\n<p><strong>Bewerbung<br \/>\n<\/strong>Haben wir Dein Interesse geweckt? Dann freuen wir uns auf ein pers\u00f6nliches Gespr\u00e4ch. Sende uns bitte Deine vollst\u00e4ndige Bewerbung inklusive der Zeugnisse und Deiner Gehaltsvorstellung unter Angabe der Referenznummer zu.<\/p>\n<p>Um eine zeitnahe Bearbeitung Deiner Bewerbung und somit ein schnelles Feedback an Dich zu gew\u00e4hrleisten, empfehlen wir Dir eine Bewerbung per Email.<\/p>\n<p>&nbsp;<\/p>\n<p>[\/vc_column_text][vc_row_inner content_placement=&#8221;bottom&#8221; css=&#8221;.vc_custom_1498825898269{margin-top: -1.5em !important;}&#8221;][vc_column_inner width=&#8221;1\/3&#8243;][vc_column_text]<strong>Kontakt<br \/>\n<\/strong>GENESIS Swiss Team AG<br \/>\nFrau Andrea Nyffeler<br \/>\nHR Assistant<br \/>\nBernstrasse 34<br \/>\n3072 Ostermundigen<br \/>\n031 560 35 38<br \/>\n<a href=\"mailto:Andrea.Nyffeler@genesis.swiss\">Andrea.Nyffeler@genesis.swiss <\/a><br \/>\n<a href=\"http:\/\/www.genesis.swiss\">http:\/\/www.genesis.swiss<\/a>[\/vc_column_text][\/vc_column_inner][vc_column_inner vertical_align=&#8221;block-align-bottom&#8221; text_color=&#8221;__&#8221; heading_color=&#8221;__&#8221; link_color=&#8221;__&#8221; link_hover_color=&#8221;__&#8221; width=&#8221;1\/3&#8243;][\/vc_column_inner][vc_column_inner vertical_align=&#8221;block-align-bottom&#8221; text_color=&#8221;__&#8221; heading_color=&#8221;__&#8221; link_color=&#8221;__&#8221; link_hover_color=&#8221;__&#8221; width=&#8221;1\/3&#8243;][vc_btn title=&#8221;Jetzt bewerben&#8221; style=&#8221;outline-custom&#8221; outline_custom_color=&#8221;#cb1c23&#8243; outline_custom_hover_background=&#8221;#cb1c23&#8243; outline_custom_hover_text=&#8221;#ffffff&#8221; align=&#8221;center&#8221; button_block=&#8221;true&#8221; link=&#8221;url:mailto%3AAndrea.Nyffeler%40genesis.swiss%3Fsubject%3DRef.-Nr.%202017_CH-J-ITSM-01|||&#8221;][vc_btn title=&#8221;Als PDF downloaden&#8221; style=&#8221;outline-custom&#8221; outline_custom_color=&#8221;#cb1c23&#8243; outline_custom_hover_background=&#8221;#cb1c23&#8243; outline_custom_hover_text=&#8221;#ffffff&#8221; align=&#8221;center&#8221; button_block=&#8221;true&#8221; link=&#8221;url:https%3A%2F%2Fgenesis.swiss%2Fwp-content%2Fuploads%2F2017%2F10%2FJunior-Consultant-ITSM-Okt-2017-V2.0-DU-Version.pdf|||&#8221;][\/vc_column_inner][\/vc_row_inner][\/vc_tta_section][\/vc_tta_tour][\/vc_column][\/vc_row][vc_row][vc_column][vc_column_text]<\/p>\n<h3>We also accept unsolicited applications!<\/h3>\n<p>Are all our positions currently filled? Or maybe you cannot find a role that suits you?<\/p>\n<p>We are always interested in receiving applications from qualified professionals. We look forward to hearing from you. Please submit your unsolicited application to <a href=\"mailto:info@genesis.swiss\">info@genesis.swiss<\/a>.[\/vc_column_text][\/vc_column][\/vc_row][vc_row][vc_column][spring_shortcode_content_template template=&#8221;callout-en&#8221;][\/vc_column][\/vc_row]<\/p>\n<\/div>","protected":false},"excerpt":{"rendered":"<p>[vc_row content_width=&#8221;fullwidth&#8221; content_placement=&#8221;middle&#8221; text_color=&#8221;__&#8221; heading_color=&#8221;__&#8221; link_color=&#8221;__&#8221; link_hover_color=&#8221;__&#8221; el_class=&#8221;.vc_row-slider&#8221; css=&#8221;.vc_custom_1495117341875{margin-top: -1.5em !important;margin-bottom: -1.5em !important;}&#8221;][vc_column][vc_single_image image=&#8221;1128&#8243; img_size=&#8221;custom&#8221; img_size_custom=&#8221;2560&#215;450&#8243; alignment=&#8221;center&#8221;][\/vc_column][\/vc_row][vc_row][vc_column][vc_column_text] Join our team! The GENESIS Swiss Team offers exciting and varied jobs in a dynamic setting. You are also free to work independently and take on responsibilities. A pleasant corporate culture is essential&#8230;<\/p>\n","protected":false},"author":1,"featured_media":0,"parent":0,"menu_order":0,"comment_status":"closed","ping_status":"closed","template":"","meta":{"footnotes":""},"class_list":["post-1602","page","type-page","status-publish","hentry"],"_links":{"self":[{"href":"https:\/\/genesis.swiss\/en\/wp-json\/wp\/v2\/pages\/1602","targetHints":{"allow":["GET"]}}],"collection":[{"href":"https:\/\/genesis.swiss\/en\/wp-json\/wp\/v2\/pages"}],"about":[{"href":"https:\/\/genesis.swiss\/en\/wp-json\/wp\/v2\/types\/page"}],"author":[{"embeddable":true,"href":"https:\/\/genesis.swiss\/en\/wp-json\/wp\/v2\/users\/1"}],"replies":[{"embeddable":true,"href":"https:\/\/genesis.swiss\/en\/wp-json\/wp\/v2\/comments?post=1602"}],"version-history":[{"count":5,"href":"https:\/\/genesis.swiss\/en\/wp-json\/wp\/v2\/pages\/1602\/revisions"}],"predecessor-version":[{"id":1734,"href":"https:\/\/genesis.swiss\/en\/wp-json\/wp\/v2\/pages\/1602\/revisions\/1734"}],"wp:attachment":[{"href":"https:\/\/genesis.swiss\/en\/wp-json\/wp\/v2\/media?parent=1602"}],"curies":[{"name":"wp","href":"https:\/\/api.w.org\/{rel}","templated":true}]}}