{"id":1615,"date":"2018-02-05T15:42:00","date_gmt":"2018-02-05T15:42:00","guid":{"rendered":"https:\/\/genesis.swiss\/?page_id=1615"},"modified":"2018-02-13T12:05:15","modified_gmt":"2018-02-13T12:05:15","slug":"managed-security-services","status":"publish","type":"page","link":"https:\/\/genesis.swiss\/en\/managed-security-services\/","title":{"rendered":"Managed Security Services"},"content":{"rendered":"<div class=\"wpb-content-wrapper\"><p>[vc_row content_width=&#8221;fullwidth&#8221; content_placement=&#8221;middle&#8221; text_color=&#8221;__&#8221; heading_color=&#8221;__&#8221; link_color=&#8221;__&#8221; link_hover_color=&#8221;__&#8221; el_class=&#8221;.vc_row-slider&#8221; css=&#8221;.vc_custom_1495117341875{margin-top: -1.5em !important;margin-bottom: -1.5em !important;}&#8221;][vc_column][vc_single_image image=&#8221;1441&#8243; img_size=&#8221;custom&#8221; img_size_custom=&#8221;2560&#215;450&#8243; alignment=&#8221;center&#8221;][\/vc_column][\/vc_row][vc_row][vc_column][vc_row_inner content_placement=&#8221;middle&#8221;][vc_column_inner width=&#8221;3\/4&#8243;][vc_column_text]<\/p>\n<h1>Managed Security Services<\/h1>\n<p>RadarServices ist Europas f\u00fchrendes Technologieunternehmen im Bereich Detection &amp; Response. Managed Services umfassen alle Bereiche, inklusive der T\u00e4tigkeit des Risk &amp; Security Intelligence Teams von RadarServices.<\/p>\n<p>[\/vc_column_text][\/vc_column_inner][vc_column_inner width=&#8221;1\/4&#8243;][vc_single_image image=&#8221;1459&#8243;][\/vc_column_inner][\/vc_row_inner][vc_column_text css=&#8221;.vc_custom_1516179621480{margin-top: -2em !important;}&#8221;]Mit einem \u201eManaged Security Service\u201c ist auch Ihr Unternehmen in der Lage Sicherheitsrisiken zu erkennen und Angriffe gezielt abzuwehren. Volle Leistungen im Umfeld Security hat f\u00fcr jedes Unternehmen eine sehr hohe Priorit\u00e4t und genau dieses k\u00f6nnen wir Ihnen als Service anbieten. Jederzeit auf dem neusten Stand und gegen jegliche Bedrohung gesch\u00fctzt, ohne selber auf L\u00f6sungen und KnowHow eingehen zu m\u00fcssen.<\/p>\n<p>[\/vc_column_text][vc_tta_tour][vc_tta_section title=&#8221;Vorgehensweise&#8221; tab_id=&#8221;1497272952006-873f813d-cd508b64-ee139ceb-1ac1&#8243;][vc_column_text]<\/p>\n<ul>\n<li>Automatisierte IT-Sicherheits\u00fcberwachung und Risikoerkennung rund um die Uhr:<br \/>\nKorrelation, Cross-Korrelation und Aggregation von Ereignissen aus Security Information &amp; Event Management (SIEM) und Logging, Network-based Intrusion Detection (NIDS), Host-based Intrusion Detection System (HIDS), Vulnerability Management and Assessment (VAS), Software Compliance (SOCO) und Advanced Threat Detection (Email &amp; Web \/ ATD).<\/li>\n<li>Kundenspezifische Anforderungen werden in Erkennungsszenarien abgebildet.<\/li>\n<li>Das Risk &amp; Security Intelligence Team, unsere Experten f\u00fcr die Risiko- und Sicherheitsanalyse, analysiert im Rahmen unserer Managed Services die automatisiert erlangten Erkenntnisse in vorab definierten Intervallen (t\u00e4glich\/w\u00f6chentlich\/monatlich).<\/li>\n<\/ul>\n<p>[\/vc_column_text][\/vc_tta_section][vc_tta_section title=&#8221;Ergebnis&#8221; tab_id=&#8221;1497272952116-ac398e88-e4a38b64-ee139ceb-1ac1&#8243;][vc_column_text]<\/p>\n<ul>\n<li>Die <strong>konsolidierten und verifizierten IT-Risiko- und Sicherheitsinformationen <\/strong>sind sofort f\u00fcr den Behebungsprozess verwendbar.<\/li>\n<li><strong>Keine false positives, keine false negatives.<\/strong><\/li>\n<li><strong>Alle IT-Risiko- und Sicherheitsinformationen <\/strong>werden <strong>zentral <\/strong>im Risk &amp; Security Cockpit pr\u00e4sentiert. Ma\u00dfgeschneiderte und leicht verst\u00e4ndliche Risikoberichte und Statistiken sind auf Knopfdruck verf\u00fcgbar.<\/li>\n<li><strong>Echtzeit-Alarmierung <\/strong>wird auf Basis von dynamisch festgelegten Schwellwerten ausgel\u00f6st.<\/li>\n<li>Das Risk &amp; Security Intelligence Team \u00fcbernimmt im Rahmen unserer Managed Services sukzessive die <strong>Weiterentwicklung der kundenspezifischen Erkennungsszenarien<\/strong>.<\/li>\n<li>Ein strukturierter IT-Risikomanagementprozess wird gelebt und schafft Transparenz.<\/li>\n<\/ul>\n<p>[\/vc_column_text][\/vc_tta_section][\/vc_tta_tour][vc_empty_space height=&#8221;74&#8243;][vc_column_text]<\/p>\n<h2 style=\"text-align: center;\">Managed Security Services im \u00dcberblick<\/h2>\n<p>[\/vc_column_text][vc_single_image image=&#8221;1519&#8243; img_size=&#8221;spring_870&#8243; alignment=&#8221;center&#8221;][\/vc_column][\/vc_row][vc_row text_color=&#8221;__&#8221; heading_color=&#8221;__&#8221; link_color=&#8221;__&#8221; link_hover_color=&#8221;__&#8221; css=&#8221;.vc_custom_1513153554037{padding-top: 40px !important;padding-bottom: 40px !important;background: #222222 url(https:\/\/genesis.swiss\/wp-content\/uploads\/2017\/05\/genesis_background-10.png?id=65) !important;background-position: center !important;background-repeat: no-repeat !important;background-size: cover !important;}&#8221;][vc_column][vc_row_inner equal_height=&#8221;yes&#8221;][vc_column_inner text_align=&#8221;text-center&#8221; text_color=&#8221;light&#8221; heading_color=&#8221;__&#8221; link_color=&#8221;__&#8221; link_hover_color=&#8221;__&#8221; width=&#8221;1\/2&#8243; responsive_font_size=&#8221;0&#8243; css=&#8221;.vc_custom_1514383034825{margin-right: 10px !important;border-top-width: 2px !important;border-right-width: 2px !important;border-bottom-width: 2px !important;border-left-width: 2px !important;padding-top: 35px !important;padding-right: 35px !important;padding-left: 35px !important;border-left-color: #ffffff !important;border-left-style: solid !important;border-right-color: #ffffff !important;border-right-style: solid !important;border-top-color: #ffffff !important;border-top-style: solid !important;border-bottom-color: #ffffff !important;border-bottom-style: solid !important;border-radius: 5px !important;}&#8221;][vc_column_text]<\/p>\n<h3>Risikoerkennungsmodul<\/h3>\n<p>SIEM = Security Information and Event Management \/ NIDS = Network-based Intrusion Detection \/ VAS = Vulnerability Assessment \/ SOCO = Software Compliance \/ HIDS = Host-based Intrusion Detection \/ ATD = Advanced Threat Detection[\/vc_column_text][\/vc_column_inner][vc_column_inner text_align=&#8221;text-center&#8221; text_color=&#8221;light&#8221; heading_color=&#8221;__&#8221; link_color=&#8221;__&#8221; link_hover_color=&#8221;__&#8221; width=&#8221;1\/2&#8243; responsive_font_size=&#8221;0&#8243; css=&#8221;.vc_custom_1514383062917{margin-left: 10px !important;border-top-width: 2px !important;border-right-width: 2px !important;border-bottom-width: 2px !important;border-left-width: 2px !important;padding-top: 35px !important;padding-right: 35px !important;padding-left: 35px !important;border-left-color: #ffffff !important;border-left-style: solid !important;border-right-color: #ffffff !important;border-right-style: solid !important;border-top-color: #ffffff !important;border-top-style: solid !important;border-bottom-color: #ffffff !important;border-bottom-style: solid !important;border-radius: 5px !important;}&#8221;][vc_column_text]<\/p>\n<h3>Advance Correlation Engine<\/h3>\n<p>Korrelation innerhalb eines Moduls und Cross-Korrelation von Informationen aus verschiedenen Modulen f\u00fchren zu einer hochqualitativen Erkennung von Risiken sowie zu Sicherheitsproblemen und einem umfassenden Blick auf die IT-Sicherheitsrelevanten Vorkommnisse im Unternehmen.<\/p>\n<p>[\/vc_column_text][\/vc_column_inner][\/vc_row_inner][vc_row_inner equal_height=&#8221;yes&#8221;][vc_column_inner text_align=&#8221;text-center&#8221; text_color=&#8221;light&#8221; heading_color=&#8221;__&#8221; link_color=&#8221;__&#8221; link_hover_color=&#8221;__&#8221; width=&#8221;1\/2&#8243; responsive_font_size=&#8221;0&#8243; css=&#8221;.vc_custom_1514383034825{margin-right: 10px !important;border-top-width: 2px !important;border-right-width: 2px !important;border-bottom-width: 2px !important;border-left-width: 2px !important;padding-top: 35px !important;padding-right: 35px !important;padding-left: 35px !important;border-left-color: #ffffff !important;border-left-style: solid !important;border-right-color: #ffffff !important;border-right-style: solid !important;border-top-color: #ffffff !important;border-top-style: solid !important;border-bottom-color: #ffffff !important;border-bottom-style: solid !important;border-radius: 5px !important;}&#8221;][vc_column_text]<\/p>\n<h3>Threat Intelligence<\/h3>\n<p>Threat Intelligence Informationen werden aus zahlreichen internen und externen weltweit f\u00fchrenden kommerziellen als auch Open Source-Quellen miteinbezogen. Mit ihnen wird sch\u00e4dliches Verhalten schneller erkannt \u2013 seien es zum Beispiel Verbindungen von oder zu verd\u00e4chtigen IPs aus der internen IT-Infrastruktur.[\/vc_column_text][\/vc_column_inner][vc_column_inner text_align=&#8221;text-center&#8221; text_color=&#8221;light&#8221; heading_color=&#8221;__&#8221; link_color=&#8221;__&#8221; link_hover_color=&#8221;__&#8221; width=&#8221;1\/2&#8243; responsive_font_size=&#8221;0&#8243; css=&#8221;.vc_custom_1514383062917{margin-left: 10px !important;border-top-width: 2px !important;border-right-width: 2px !important;border-bottom-width: 2px !important;border-left-width: 2px !important;padding-top: 35px !important;padding-right: 35px !important;padding-left: 35px !important;border-left-color: #ffffff !important;border-left-style: solid !important;border-right-color: #ffffff !important;border-right-style: solid !important;border-top-color: #ffffff !important;border-top-style: solid !important;border-bottom-color: #ffffff !important;border-bottom-style: solid !important;border-radius: 5px !important;}&#8221;][vc_column_text]<\/p>\n<h3>Risk Security Cockpit<\/h3>\n<p>Alle Risiko- und Sicherheitsinformationen werden zentral im Radar Risk &amp; Security Cockpit pr\u00e4sentiert. Massgeschneiderte und leicht verst\u00e4ndliche Risikoberichte und Statistiken sind auf Knopfdruck verf\u00fcgbar.[\/vc_column_text][\/vc_column_inner][\/vc_row_inner][\/vc_column][\/vc_row][vc_row][vc_column][vc_column_text]<\/p>\n<h2>Managed Security Services<\/h2>\n<p>Alles aus einer Hand: Hardware, Software und Expertenknowhow. Genesis\/RadarServices stellt alle Werkzeuge bereit und managt den laufenden Betrieb.[\/vc_column_text][vc_tta_tabs active_section=&#8221;1&#8243; css=&#8221;.vc_custom_1495460747126{background-color: #f7f7f7 !important;}&#8221;][vc_tta_section title=&#8221;SOC as a Service&#8221; tab_id=&#8221;1495440325601-32611641-7a19aac9-efed&#8221;][vc_row_inner][vc_column_inner][vc_column_text]<\/p>\n<h3>SOC as a Service<\/h3>\n<p>RadarServices etabliert ein Security Operation Centre (SOC) in Ihrem Unternehmen und \u00fcbernimmt dessen laufenden Betrieb. In k\u00fcrzester Zeit operativ, nach bew\u00e4hrten Prinzipien und basierend auf modernster, in Europa entwickelter Technologie. Pers\u00f6nliche Ansprechpartner in Ihrer Landessprache, klare Regelungen und dokumentierte Prozesse erm\u00f6glichen strukturierte Abl\u00e4ufe und einfache Kommunikation mit Ihrem Unternehmen. W\u00e4hlen Sie die f\u00fcr Sie passenden Servicezeiten bis zu 24\/7 aus. Incident Response und Echtzeit-Alarmierung inklusive.[\/vc_column_text][\/vc_column_inner][\/vc_row_inner][vc_column_text]<\/p>\n<h4 style=\"text-align: left;\">Inkludierte Module:<\/h4>\n<p>[\/vc_column_text][vc_row_inner css=&#8221;.vc_custom_1512384297387{margin-top: -1em !important;}&#8221;][vc_column_inner width=&#8221;1\/6&#8243;][vc_single_image image=&#8221;1431&#8243; img_size=&#8221;custom&#8221; img_size_custom=&#8221;60&#215;60&#8243; alignment=&#8221;center&#8221;][vc_column_text]<\/p>\n<p style=\"text-align: center;\">SIEM<\/p>\n<p>[\/vc_column_text][\/vc_column_inner][vc_column_inner width=&#8221;1\/6&#8243;][vc_single_image image=&#8221;1430&#8243; img_size=&#8221;custom&#8221; img_size_custom=&#8221;60&#215;60&#8243; alignment=&#8221;center&#8221;][vc_column_text]<\/p>\n<p style=\"text-align: center;\">NIDS<\/p>\n<p>[\/vc_column_text][\/vc_column_inner][vc_column_inner width=&#8221;1\/6&#8243;][vc_single_image image=&#8221;1433&#8243; img_size=&#8221;custom&#8221; img_size_custom=&#8221;60&#215;60&#8243; alignment=&#8221;center&#8221;][vc_column_text]<\/p>\n<p style=\"text-align: center;\">VAS<\/p>\n<p>[\/vc_column_text][\/vc_column_inner][vc_column_inner width=&#8221;1\/6&#8243;][vc_single_image image=&#8221;1428&#8243; img_size=&#8221;custom&#8221; img_size_custom=&#8221;60&#215;60&#8243; alignment=&#8221;center&#8221;][vc_column_text]<\/p>\n<p style=\"text-align: center;\">ATD<\/p>\n<p>[\/vc_column_text][\/vc_column_inner][vc_column_inner width=&#8221;1\/6&#8243;][vc_single_image image=&#8221;1432&#8243; img_size=&#8221;custom&#8221; img_size_custom=&#8221;60&#215;60&#8243; alignment=&#8221;center&#8221;][vc_column_text]<\/p>\n<p style=\"text-align: center;\">SOCO<\/p>\n<p>[\/vc_column_text][\/vc_column_inner][vc_column_inner width=&#8221;1\/6&#8243;][vc_single_image image=&#8221;1429&#8243; img_size=&#8221;custom&#8221; img_size_custom=&#8221;60&#215;60&#8243; alignment=&#8221;center&#8221;][vc_column_text]<\/p>\n<p style=\"text-align: center;\">HIDS<\/p>\n<p>[\/vc_column_text][\/vc_column_inner][\/vc_row_inner][\/vc_tta_section][vc_tta_section title=&#8221;IT Security Monitoring&#8221; tab_id=&#8221;1512382899477-51e7a5d3-2a1c&#8221;][vc_row_inner][vc_column_inner][vc_column_text]<\/p>\n<h3>IT Security Monitoring<\/h3>\n<p>Umfassende Vernetzung von IT-Systemen f\u00fchrt zu st\u00e4ndig neuen Einfallstoren f\u00fcr Angriffe von innen und aussen. Ein kontinuierliches und zentrales IT Security Monitoring der IT-Infrastruktur und ihrer Komponenten ist unabdingbar. RadarServices \u00fcberwacht laufend die gesamte IT-Landschaft und Applikationen und bewertet alle Ereignisdaten, sucht gezielt nach Schwachstellen in Systemen und deren Konfiguration und analysiert intelligent den Netzwerkverkehr.[\/vc_column_text][\/vc_column_inner][\/vc_row_inner][vc_column_text]<\/p>\n<h4 style=\"text-align: left;\">Inkludierte Module:<\/h4>\n<p>[\/vc_column_text][vc_row_inner css=&#8221;.vc_custom_1512384297387{margin-top: -1em !important;}&#8221;][vc_column_inner width=&#8221;3\/12&#8243;][\/vc_column_inner][vc_column_inner width=&#8221;1\/6&#8243;][vc_single_image image=&#8221;1431&#8243; img_size=&#8221;custom&#8221; img_size_custom=&#8221;60&#215;60&#8243; alignment=&#8221;center&#8221;][vc_column_text]<\/p>\n<p style=\"text-align: center;\">SIEM<\/p>\n<p>[\/vc_column_text][\/vc_column_inner][vc_column_inner width=&#8221;1\/6&#8243;][vc_single_image image=&#8221;1430&#8243; img_size=&#8221;custom&#8221; img_size_custom=&#8221;60&#215;60&#8243; alignment=&#8221;center&#8221;][vc_column_text]<\/p>\n<p style=\"text-align: center;\">NIDS<\/p>\n<p>[\/vc_column_text][\/vc_column_inner][vc_column_inner width=&#8221;1\/6&#8243;][vc_single_image image=&#8221;1433&#8243; img_size=&#8221;custom&#8221; img_size_custom=&#8221;60&#215;60&#8243; alignment=&#8221;center&#8221;][vc_column_text]<\/p>\n<p style=\"text-align: center;\">VAS<\/p>\n<p>[\/vc_column_text][\/vc_column_inner][vc_column_inner width=&#8221;3\/12&#8243;][\/vc_column_inner][\/vc_row_inner][\/vc_tta_section][vc_tta_section title=&#8221;Security Information &amp; Event Managemement&#8221; tab_id=&#8221;1512383182138-41744b64-bd17&#8243;][vc_row_inner][vc_column_inner][vc_column_text]<\/p>\n<h3>Security Information &amp; Event Managemement<\/h3>\n<p>Die Sammlung und Analyse von Logs aus verschiedenen Quellen in einem Netzwerk (Server, Clients, Netzwerkger\u00e4te, Firewalls, Anwendungen, etc.) erfolgt zentral, um Informationen \u00fcber sicherheitsrelevante Ereignisse zu erlangen. RadarServices kristallisiert aus Millionen von Ereignissen effektiv und effizient diejenigen heraus, welche auf einen Missbrauch der IT und Applikationen, auf interne oder externe Angriffe oder auf andere Sicherheitsbedrohungen hinweisen.[\/vc_column_text][\/vc_column_inner][\/vc_row_inner][vc_column_text]<\/p>\n<h4 style=\"text-align: left;\">Inkludierte Module:<\/h4>\n<p>[\/vc_column_text][vc_row_inner css=&#8221;.vc_custom_1512384297387{margin-top: -1em !important;}&#8221;][vc_column_inner width=&#8221;1\/6&#8243;][vc_single_image image=&#8221;1431&#8243; img_size=&#8221;custom&#8221; img_size_custom=&#8221;60&#215;60&#8243; alignment=&#8221;center&#8221;][vc_column_text]<\/p>\n<p style=\"text-align: center;\">SIEM<\/p>\n<p>[\/vc_column_text][\/vc_column_inner][vc_column_inner width=&#8221;1\/6&#8243;][\/vc_column_inner][vc_column_inner width=&#8221;1\/6&#8243;][\/vc_column_inner][vc_column_inner width=&#8221;1\/6&#8243;][\/vc_column_inner][vc_column_inner width=&#8221;1\/6&#8243;][\/vc_column_inner][vc_column_inner width=&#8221;1\/6&#8243;][\/vc_column_inner][\/vc_row_inner][\/vc_tta_section][vc_tta_section title=&#8221;Advanced Cyber Threat Detection&#8221; tab_id=&#8221;1512383202760-26b76a4c-ba7a&#8221;][vc_row_inner][vc_column_inner][vc_column_text]<\/p>\n<h3>Advanced Cyber Threat Detection<\/h3>\n<p>Neuartige Malware, Advanced Persistent Threats (APTs) und Trojaner gelangen durch Web Downloads oder E-Mail Attachments in Unternehmen, da sie durch signatur-basierende Systeme allein nicht erkannt werden. Hinzu kommt das Risiko von Insider-Threats, wodurch gezielt wichtige Informationen unberechtigt erlangt werden. RadarServices setzt mehrere Systeme zur signatur- und verhaltensbasierten Analyse von Netzwerkverkehr und Sandbox-Technologien der neuesten Generation zur Analyse aller eingehenden E-Mail Attachments sowie Web Downloads ein und wertet die Erkenntnisse zentral aus.[\/vc_column_text][\/vc_column_inner][\/vc_row_inner][vc_column_text]<\/p>\n<h4 style=\"text-align: left;\">Inkludierte Module:<\/h4>\n<p>[\/vc_column_text][vc_row_inner css=&#8221;.vc_custom_1512384297387{margin-top: -1em !important;}&#8221;][vc_column_inner width=&#8221;1\/6&#8243;][vc_single_image image=&#8221;1430&#8243; img_size=&#8221;custom&#8221; img_size_custom=&#8221;60&#215;60&#8243; alignment=&#8221;center&#8221;][vc_column_text]<\/p>\n<p style=\"text-align: center;\">NIDS<\/p>\n<p>[\/vc_column_text][\/vc_column_inner][vc_column_inner width=&#8221;1\/6&#8243;][vc_single_image image=&#8221;1428&#8243; img_size=&#8221;custom&#8221; img_size_custom=&#8221;60&#215;60&#8243; alignment=&#8221;center&#8221;][vc_column_text]<\/p>\n<p style=\"text-align: center;\">ATD<\/p>\n<p>[\/vc_column_text][\/vc_column_inner][\/vc_row_inner][\/vc_tta_section][vc_tta_section title=&#8221;IT Risk Detection&#8221; tab_id=&#8221;1512383234008-354863fc-5bba&#8221;][vc_row_inner][vc_column_inner][vc_column_text]<\/p>\n<h3>IT Risk Detection<\/h3>\n<p>Unternehmen und Organisationen m\u00fcssen \u00fcber eine tagesaktuelle Sicht auf ihre Risiken verf\u00fcgen. RadarServices erfasst und analysiert Risiken in der IT-Infrastruktur unter Einbeziehung der Wichtigkeit von IT-Infrastruktur-Komponenten, stellt das gesetzlich vorgeschriebene Interne Kontrollsystem (IKS) f\u00fcr Ihre IT dar und beinhaltet Nachweise f\u00fcr Compliance &amp; regulatorische Anforderungen. Klare Darstellungen \u00fcber ihre Auswirkungen auf IT-Services und Gesch\u00e4ftsprozesse sowie ein IT-Risikomanagement-Workflow inklusive.[\/vc_column_text][\/vc_column_inner][\/vc_row_inner][vc_column_text]<\/p>\n<h4 style=\"text-align: left;\">Inkludierte Module:<\/h4>\n<p>[\/vc_column_text][vc_row_inner css=&#8221;.vc_custom_1512384297387{margin-top: -1em !important;}&#8221;][vc_column_inner width=&#8221;1\/6&#8243;][vc_single_image image=&#8221;1431&#8243; img_size=&#8221;custom&#8221; img_size_custom=&#8221;60&#215;60&#8243; alignment=&#8221;center&#8221;][vc_column_text]<\/p>\n<p style=\"text-align: center;\">SIEM<\/p>\n<p>[\/vc_column_text][\/vc_column_inner][vc_column_inner width=&#8221;1\/6&#8243;][vc_single_image image=&#8221;1432&#8243; img_size=&#8221;custom&#8221; img_size_custom=&#8221;60&#215;60&#8243; alignment=&#8221;center&#8221;][vc_column_text]<\/p>\n<p style=\"text-align: center;\">SOCO<\/p>\n<p>[\/vc_column_text][\/vc_column_inner][\/vc_row_inner][\/vc_tta_section][\/vc_tta_tabs][\/vc_column][\/vc_row][vc_row text_color=&#8221;__&#8221; heading_color=&#8221;__&#8221; link_color=&#8221;__&#8221; link_hover_color=&#8221;__&#8221; css=&#8221;.vc_custom_1512387892188{margin-bottom: 0px !important;padding-top: 2em !important;padding-bottom: 2em !important;background-color: #f7f7f7 !important;}&#8221;][vc_column][vc_column_text]<\/p>\n<h2>Professional Services<\/h2>\n<p>Das Portfolio umfasst Professional Services wie die strategische IT-Security und IT-Risikoberatung, die Unterst\u00fctzung im akuten Angriffsfall (<strong>Fire Fighting<\/strong>), <strong>Incident Response<\/strong>, Incident- Workflowmanagement sowie spezielle <strong>Incidentbehebung und Forensik<\/strong>. Alle Services stehen auch 24\/7 auf Abruf bereit.<\/p>\n<h4>Risk &amp; Security Intelligence Team<\/h4>\n<p>Das Risk &amp; Security Intelligence Team von RadarServices analysiert und konsolidiert im Rahmen unserer Managed Services alle im Rahmen der automatisierten Risikoerkennung gesammelten Daten, um hochqualitative Risiko- und Sicherheitsinformationen zu erreichen. False positives und false negatives werden bearbeitet.<\/p>\n<ul>\n<li>Team mit ausschliesslichem Fokus auf die Risikoanalyse bei Kunden, <strong>Analogien <\/strong>k\u00f6nnen <strong>\u00fcber Branchengrenzen hinweg <\/strong>gezogen werden<\/li>\n<li>Erkenntnisse <strong>verbessern laufend die Policies und Regeln <\/strong>der automatisierten Risikoerkennung<\/li>\n<li><strong>Anreicherung jeder Risikobeschreibung <\/strong>mit einer <strong>Empfehlung f\u00fcr die Risikobehebung<\/strong><\/li>\n<li>St\u00e4ndiger <strong>Wissenstransfer <\/strong>zum Kunden: jeder Mitarbeiter verf\u00fcgt \u00fcber tiefgreifendes Spezialisten-Knowhow in den Bereichen Security Audit, Penetration Testing, White-Hat Hacking und Social Engineering<\/li>\n<li>Auf Abruf: sofort einsatzbereite Experten f\u00fcr Fire Fighting und Forensik, Einnahme der Rolle eines externen <strong>CERT Teams<\/strong><\/li>\n<\/ul>\n<p>[\/vc_column_text][vc_empty_space height=&#8221;50px&#8221;][spring_shortcode_button btn_text=&#8221;Zum Factsheet Download&#8221; btn_link=&#8221;url:https%3A%2F%2Fgenesis.swiss%2Fdownload%2Fradarservices_genesis%2F|title:https%3A%2F%2Fgenesis.swiss%2Fdownload%2Fradarservices_genesis%2F|target:%20_blank|&#8221; btn_shape=&#8221;btn-shape-rounded-1&#8243; btn_alignment=&#8221;text-center&#8221; btn_text_hover_color=&#8221;__&#8221; btn_bgc_hover_color=&#8221;bolder&#8221; btn_add_icon=&#8221;0&#8243;][vc_empty_space height=&#8221;50px&#8221;][\/vc_column][\/vc_row][vc_row][vc_column][spring_shortcode_content_template template=&#8221;callout-en&#8221;][\/vc_column][\/vc_row][vc_column][\/vc_column]<\/p>\n<\/div>","protected":false},"excerpt":{"rendered":"<p>[vc_row content_width=&#8221;fullwidth&#8221; content_placement=&#8221;middle&#8221; text_color=&#8221;__&#8221; heading_color=&#8221;__&#8221; link_color=&#8221;__&#8221; link_hover_color=&#8221;__&#8221; el_class=&#8221;.vc_row-slider&#8221; css=&#8221;.vc_custom_1495117341875{margin-top: -1.5em !important;margin-bottom: -1.5em !important;}&#8221;][vc_column][vc_single_image image=&#8221;1441&#8243; img_size=&#8221;custom&#8221; img_size_custom=&#8221;2560&#215;450&#8243; alignment=&#8221;center&#8221;][\/vc_column][\/vc_row][vc_row][vc_column][vc_row_inner content_placement=&#8221;middle&#8221;][vc_column_inner width=&#8221;3\/4&#8243;][vc_column_text] Managed Security Services RadarServices ist Europas f\u00fchrendes Technologieunternehmen im Bereich Detection &amp; Response. Managed Services umfassen alle Bereiche, inklusive der T\u00e4tigkeit des Risk &amp; Security Intelligence Teams von RadarServices. [\/vc_column_text][\/vc_column_inner][vc_column_inner width=&#8221;1\/4&#8243;][vc_single_image&#8230;<\/p>\n","protected":false},"author":1,"featured_media":0,"parent":0,"menu_order":0,"comment_status":"closed","ping_status":"closed","template":"","meta":{"footnotes":""},"class_list":["post-1615","page","type-page","status-publish","hentry"],"_links":{"self":[{"href":"https:\/\/genesis.swiss\/en\/wp-json\/wp\/v2\/pages\/1615","targetHints":{"allow":["GET"]}}],"collection":[{"href":"https:\/\/genesis.swiss\/en\/wp-json\/wp\/v2\/pages"}],"about":[{"href":"https:\/\/genesis.swiss\/en\/wp-json\/wp\/v2\/types\/page"}],"author":[{"embeddable":true,"href":"https:\/\/genesis.swiss\/en\/wp-json\/wp\/v2\/users\/1"}],"replies":[{"embeddable":true,"href":"https:\/\/genesis.swiss\/en\/wp-json\/wp\/v2\/comments?post=1615"}],"version-history":[{"count":2,"href":"https:\/\/genesis.swiss\/en\/wp-json\/wp\/v2\/pages\/1615\/revisions"}],"predecessor-version":[{"id":1737,"href":"https:\/\/genesis.swiss\/en\/wp-json\/wp\/v2\/pages\/1615\/revisions\/1737"}],"wp:attachment":[{"href":"https:\/\/genesis.swiss\/en\/wp-json\/wp\/v2\/media?parent=1615"}],"curies":[{"name":"wp","href":"https:\/\/api.w.org\/{rel}","templated":true}]}}