{"id":1636,"date":"2018-02-06T14:00:35","date_gmt":"2018-02-06T14:00:35","guid":{"rendered":"https:\/\/genesis.swiss\/?page_id=1636"},"modified":"2018-02-22T08:06:49","modified_gmt":"2018-02-22T08:06:49","slug":"ip-address-management","status":"publish","type":"page","link":"https:\/\/genesis.swiss\/en\/ip-address-management\/","title":{"rendered":"IP Address Management"},"content":{"rendered":"<div class=\"wpb-content-wrapper\"><p>[vc_row content_width=&#8221;fullwidth&#8221; content_placement=&#8221;middle&#8221; text_color=&#8221;__&#8221; heading_color=&#8221;__&#8221; link_color=&#8221;__&#8221; link_hover_color=&#8221;__&#8221; el_class=&#8221;.vc_row-slider&#8221; css=&#8221;.vc_custom_1495117341875{margin-top: -1.5em !important;margin-bottom: -1.5em !important;}&#8221;][vc_column][vc_single_image image=&#8221;625&#8243; img_size=&#8221;custom&#8221; img_size_custom=&#8221;2560&#215;450&#8243; alignment=&#8221;center&#8221;][\/vc_column][\/vc_row][vc_row][vc_column][vc_column_text]<\/p>\n<h1>IP Adressen Management<\/h1>\n<p>IP Address Management (IPAM) is used to centrally manage the IP addressing \u00a0as well as to automatically connect all the information from the DNS and DHCP services.<\/p>\n<p>Factors that are critical to the business within the IT environment include the DNS and DHCP services as well as the IPAM (DDI). Because managing and monitoring the IP services is not instantly clearly relevant to the business, these activities have been side-lined somewhat.<\/p>\n<p>But what happens if, for example, the DNS service fails, is incorrect or if no IP addresses are allocated by DHCP? Important applications fail! If the DNS service is not working, the web pages can no longer be visited. That is why reliable IP services (DNS\/DHCP) are incredibly important for the availability and the end user services and ultimately for the success of your business.<\/p>\n<p>It is essential that you have reliable secure and effective IP management solution in order to guarantee the quality of your IPAM services and to prevent any outages and malfunctions.[\/vc_column_text][vc_tta_tour][vc_tta_section title=&#8221;Challenges&#8221; tab_id=&#8221;1497272952006-873f813d-cd508b64-ee13&#8243;][vc_column_text]<\/p>\n<h4 style=\"text-align: left;\">Where do the challenges lie?<\/h4>\n<p>Over recent years, we have seen a dramatic increase in the complexity of IT infrastructures &#8211; keywords IoT and cloud, to name a few &#8211; and therefore also in the importance of IP, DNS and DHCP services, so that we are able to manage these services properly and effectively. Additional requirements such as traceability and auditing have been created for today\u2019s DDI solutions, precisely for matters of security.[\/vc_column_text][\/vc_tta_section][vc_tta_section title=&#8221;Requirements&#8221; tab_id=&#8221;1497272952116-ac398e88-e4a38b64-ee13&#8243;][vc_column_text]<\/p>\n<h4>Requirements of a modern IPAM system<\/h4>\n<ul>\n<li>DNS, DHCP and IP address management<\/li>\n<li>Multi-client capability, hierarchical administration<\/li>\n<li>Centralised control, data management and data backup<\/li>\n<li>Decentralised administration with targeted data backup<\/li>\n<li>Guarantee of network availability<\/li>\n<li>Redundancy of the DNS\/DHCP Services (High Availability)<\/li>\n<li>Connection to other systems (SOAP\/XML\/REST) interfaces<\/li>\n<li>Integration of existing DNS\/DHCP servers<\/li>\n<li>Support of Cloud AWS Route 53 DNS<\/li>\n<li>Provision of security functions (DNSSEC, DNS Firewall, DNS Tunneling Detection)<\/li>\n<li>Dedicated DNS\/DHCP Server Appliances (hardware and software Appliances)<\/li>\n<li>Easy Software Upgrade<\/li>\n<\/ul>\n<p>[\/vc_column_text][\/vc_tta_section][vc_tta_section title=&#8221;Unsere L\u00f6sung&#8221; tab_id=&#8221;1497450941680-5c9768eb-dd26&#8243;][vc_column_text]<\/p>\n<h4>Unsere L\u00f6sung<\/h4>\n<p>IPAM erlaubt es, im Gegensatz zu den Server-zentrierten Methoden, den gesamten IP-Raum zentral zu steuern. Die statische und dynamische Vergabe der IP-Adressen wird mit DNS verbunden und Rechte k\u00f6nnen somit an mehrere Personen delegiert werden. Ein enormer Vorteil, denn so k\u00f6nnen sich Administratoren auf bestimmte IP- und Unternehmensbereiche fokussieren. Zus\u00e4tzlich ist bei umfangreichen L\u00f6sungen IP-Address-Data-Modeling m\u00f6glich \u2013 die IP-Bereiche werden an die jeweiligen Unternehmensbereiche (geografische Zuordnungen oder Abteilungsstrukturen) angepasst und grafisch repr\u00e4sentiert. Das ist besonders bei Firmenzusammenschl\u00fcssen und \u00dcbernahmen wichtig.[\/vc_column_text][\/vc_tta_section][\/vc_tta_tour][\/vc_column][\/vc_row][vc_row content_width=&#8221;fullwidth&#8221; text_color=&#8221;__&#8221; heading_color=&#8221;__&#8221; link_color=&#8221;__&#8221; link_hover_color=&#8221;__&#8221; css=&#8221;.vc_custom_1495436542094{padding-top: 40px !important;padding-bottom: 40px !important;background: #222222 url(https:\/\/genesis.swiss\/wp-content\/uploads\/2017\/05\/genesis_background-10.png?id=65) !important;}&#8221; el_class=&#8221;.textcolor-white&#8221;][vc_column][vc_column_text]<\/p>\n<h2 style=\"text-align: center;\">Benefits of IPAM<\/h2>\n<p>[\/vc_column_text][spring_shortcode_testimonials testimonial_values=&#8221;%5B%7B%22testimonial_content%22%3A%22Permits%20quick%20access%20to%20detailed%20network%20information%22%2C%22testimonial_rate%22%3A%225%22%7D%2C%7B%22testimonial_content%22%3A%22Guarantees%20DNS%20and%20DHCP%20services%20with%20a%20high%20level%20of%20availability%22%2C%22testimonial_rate%22%3A%225%22%7D%2C%7B%22testimonial_content%22%3A%22Protects%20the%20extended%20network%20security%20(DNS%20firewall)%22%2C%22testimonial_rate%22%3A%225%22%7D%2C%7B%22testimonial_content%22%3A%22Guarantees%20compliance%20with%20guidelines%22%2C%22testimonial_rate%22%3A%225%22%7D%2C%7B%22testimonial_content%22%3A%22Guarantees%20no%20duplication%20of%20IP%20addresses%22%2C%22testimonial_rate%22%3A%225%22%7D%2C%7B%22testimonial_content%22%3A%22Safeguards%20the%20subnet%20and%20IP%20address%20recovery%22%2C%22testimonial_rate%22%3A%225%22%7D%5D&#8221; testimonial_show_author_avatar=&#8221;&#8221; testimonial_show_author_rating=&#8221;&#8221; testimonial_color_scheme=&#8221;color-light&#8221; testimonial_layout=&#8221;layout-slider&#8221; sc_loop=&#8221;1&#8243; sc_nav=&#8221;0&#8243; sc_dots=&#8221;1&#8243; sc_nav_pag_style=&#8221;owl-control-shortcodes&#8221; sc_nav_pag_scheme_color=&#8221;owl-color-dark&#8221; sc_autoplaytimeout=&#8221;5000&#8243; sc_mouse_wheel=&#8221;0&#8243; el_class=&#8221;.textcolor-white&#8221;][\/vc_column][\/vc_row][vc_row text_color=&#8221;__&#8221; heading_color=&#8221;__&#8221; link_color=&#8221;__&#8221; link_hover_color=&#8221;__&#8221; css=&#8221;.vc_custom_1497452092436{margin-top: -1.5em !important;margin-bottom: -1.5em !important;padding-top: 1.5em !important;padding-bottom: 1.5em !important;background-color: #eeeeee !important;}&#8221;][vc_column][vc_column_text]<\/p>\n<h2>We are the DDI specialists<\/h2>\n<p>We have been working with DNS, DHCP and IP address management solutions for over 20 years.<\/p>\n<p>We support you from A to Z in your DDI project, right from the word go. Whether it is the planning of IPv4, IPv6 addressing concepts or DNS and DHCP network architectures, or the evaluation and implementation of a DDI solution with comprehensive support services when it is operational. Our solutions help you to manage your DDI infrastructure.<\/p>\n<p>We are the partner you want at your side when it comes to DDI![\/vc_column_text][vc_basic_grid post_type=&#8221;portfolio&#8221; max_items=&#8221;3&#8243; element_auto_responsive=&#8221;yes&#8221; special_item=&#8221;%5B%7B%22element_width%22%3A%221%22%2C%22item%22%3A%22springPostListing_HorizontalStyle01%22%7D%5D&#8221; item=&#8221;260&#8243; grid_id=&#8221;vc_gid:1518521418763-5eeea8aa-2261-1&#8243; taxonomies=&#8221;12&#8243; el_class=&#8221;equalHeightRow&#8221;][\/vc_column][\/vc_row][vc_row][vc_column][spring_shortcode_content_template template=&#8221;callout-en&#8221;][\/vc_column][\/vc_row]<\/p>\n<\/div>","protected":false},"excerpt":{"rendered":"<p>[vc_row content_width=&#8221;fullwidth&#8221; content_placement=&#8221;middle&#8221; text_color=&#8221;__&#8221; heading_color=&#8221;__&#8221; link_color=&#8221;__&#8221; link_hover_color=&#8221;__&#8221; el_class=&#8221;.vc_row-slider&#8221; css=&#8221;.vc_custom_1495117341875{margin-top: -1.5em !important;margin-bottom: -1.5em !important;}&#8221;][vc_column][vc_single_image image=&#8221;625&#8243; img_size=&#8221;custom&#8221; img_size_custom=&#8221;2560&#215;450&#8243; alignment=&#8221;center&#8221;][\/vc_column][\/vc_row][vc_row][vc_column][vc_column_text] IP Adressen Management IP Address Management (IPAM) is used to centrally manage the IP addressing \u00a0as well as to automatically connect all the information from the DNS and DHCP services. Factors that are&#8230;<\/p>\n","protected":false},"author":1,"featured_media":0,"parent":0,"menu_order":0,"comment_status":"closed","ping_status":"closed","template":"","meta":{"footnotes":""},"class_list":["post-1636","page","type-page","status-publish","hentry"],"_links":{"self":[{"href":"https:\/\/genesis.swiss\/en\/wp-json\/wp\/v2\/pages\/1636","targetHints":{"allow":["GET"]}}],"collection":[{"href":"https:\/\/genesis.swiss\/en\/wp-json\/wp\/v2\/pages"}],"about":[{"href":"https:\/\/genesis.swiss\/en\/wp-json\/wp\/v2\/types\/page"}],"author":[{"embeddable":true,"href":"https:\/\/genesis.swiss\/en\/wp-json\/wp\/v2\/users\/1"}],"replies":[{"embeddable":true,"href":"https:\/\/genesis.swiss\/en\/wp-json\/wp\/v2\/comments?post=1636"}],"version-history":[{"count":5,"href":"https:\/\/genesis.swiss\/en\/wp-json\/wp\/v2\/pages\/1636\/revisions"}],"predecessor-version":[{"id":1732,"href":"https:\/\/genesis.swiss\/en\/wp-json\/wp\/v2\/pages\/1636\/revisions\/1732"}],"wp:attachment":[{"href":"https:\/\/genesis.swiss\/en\/wp-json\/wp\/v2\/media?parent=1636"}],"curies":[{"name":"wp","href":"https:\/\/api.w.org\/{rel}","templated":true}]}}