{"id":1809,"date":"2017-07-06T10:35:06","date_gmt":"2017-07-06T10:35:06","guid":{"rendered":"https:\/\/genesis.swiss\/allgemeine-geschaeftsbedingungen\/"},"modified":"2026-02-17T14:31:41","modified_gmt":"2026-02-17T14:31:41","slug":"general-terms-and-conditions","status":"publish","type":"page","link":"https:\/\/genesis.swiss\/en\/general-terms-and-conditions\/","title":{"rendered":"General Terms and Conditions (GTC)"},"content":{"rendered":"<div class=\"wpb-content-wrapper\"><p>[vc_row content_width=&#8221;fullwidth&#8221; content_placement=&#8221;middle&#8221; text_color=&#8221;__&#8221; heading_color=&#8221;__&#8221; link_color=&#8221;__&#8221; link_hover_color=&#8221;__&#8221; el_class=&#8221;.vc_row-slider&#8221; css=&#8221;.vc_custom_1499930153815{margin-top: -1.5em !important;margin-bottom: -1.5em !important;}&#8221;][vc_column][vc_single_image image=&#8221;2284&#8243; img_size=&#8221;custom&#8221; img_size_custom=&#8221;2560&#215;450&#8243; alignment=&#8221;center&#8221;][\/vc_column][\/vc_row][vc_row text_color=&#8221;__&#8221; heading_color=&#8221;__&#8221; link_color=&#8221;__&#8221; link_hover_color=&#8221;__&#8221; css=&#8221;.vc_custom_1499930274318{margin-top: 2.5em !important;}&#8221;][vc_column text_color=&#8221;__&#8221; heading_color=&#8221;__&#8221; link_color=&#8221;__&#8221; link_hover_color=&#8221;__&#8221;][vc_column_text el_class=&#8221;wk-h3-doppeltitel h3&#8243;]<\/p>\n<h1>Allgemeine Gesch\u00e4ftsbedingungen<\/h1>\n<p>[\/vc_column_text][vc_row_inner el_class=&#8221;.margin-0px&#8221;][vc_column_inner width=&#8221;1\/6&#8243;][vc_column_text]<\/p>\n<h4 class=\"p2\">Preise<b><\/b><\/h4>\n<p>[\/vc_column_text][\/vc_column_inner][vc_column_inner width=&#8221;5\/6&#8243;][vc_column_text]Alle Preise sind in CHF exkl. MwSt., exkl. Transport (ausgenommen speziell vereinbart und vermerkt)[\/vc_column_text][\/vc_column_inner][\/vc_row_inner][vc_row_inner el_class=&#8221;.margin-0px&#8221;][vc_column_inner width=&#8221;1\/6&#8243;][vc_column_text]<\/p>\n<h4 class=\"p2\">Offertegu\u0308ltigkeit<\/h4>\n<p>[\/vc_column_text][\/vc_column_inner][vc_column_inner width=&#8221;5\/6&#8243;][vc_column_text]Die Offerten sind 30 Tage gu\u0308ltig.[\/vc_column_text][\/vc_column_inner][\/vc_row_inner][vc_row_inner el_class=&#8221;.margin-0px&#8221;][vc_column_inner width=&#8221;1\/6&#8243;][vc_column_text]<\/p>\n<h4 class=\"p2\">Zahlung<\/h4>\n<p>[\/vc_column_text][\/vc_column_inner][vc_column_inner width=&#8221;5\/6&#8243;][vc_column_text]30 Tage netto ab Rechnungsdatum<br \/>\nFu\u0308r Projekten mit Rahmenvertrag k\u00f6nnen spezielle Bedingungen vereinbart werden. Softwarelizenzen und Hardware werden nach Lieferung verrechnet.\u00a0Professional Services werden gem\u00e4ss effektivem Aufwand monatlich verrechnet. Wartung und Helpdesk Services sind j\u00e4hrlich im Voraus zahlbar.[\/vc_column_text][\/vc_column_inner][\/vc_row_inner][vc_row_inner el_class=&#8221;.margin-0px&#8221;][vc_column_inner width=&#8221;1\/6&#8243;][vc_column_text]<\/p>\n<h4 class=\"p2\">Lieferung<\/h4>\n<p>[\/vc_column_text][\/vc_column_inner][vc_column_inner width=&#8221;5\/6&#8243;][vc_column_text]Lieferung ab Bern oder Zu\u0308rich, Lieferfristen zwischen 2-8 Wochen, ausser bei speziellen Vereinbarungen.[\/vc_column_text][\/vc_column_inner][\/vc_row_inner][vc_row_inner el_class=&#8221;.margin-0px&#8221;][vc_column_inner width=&#8221;1\/6&#8243;][vc_column_text]<\/p>\n<h4 class=\"p2\">Abnahme<\/h4>\n<p>[\/vc_column_text][\/vc_column_inner][vc_column_inner width=&#8221;5\/6&#8243;][vc_column_text]Softwarelizenzen und Hardware werden nach der Lieferung verrechnet. Die Gesamtabnahme von Projekten wird mit einem Abnahmeprotokoll dokumentiert und von den Projektpartnern unterzeichnet.[\/vc_column_text][\/vc_column_inner][\/vc_row_inner][vc_row_inner el_class=&#8221;.margin-0px&#8221;][vc_column_inner width=&#8221;1\/6&#8243;][vc_column_text]<\/p>\n<h4 class=\"p2\">Zuschl\u00e4ge<\/h4>\n<p>[\/vc_column_text][\/vc_column_inner][vc_column_inner width=&#8221;5\/6&#8243;][vc_column_text]Bei Auftr\u00e4gen ausserhalb der normalen Arbeitszeiten.<br \/>\nWerktags (20:00-06:00 Uhr) + 50%<br \/>\nSamstags + 50%<br \/>\nSonntags + 100%<br \/>\nDie Reisezeit wird nach Aufwand verrechnet.[\/vc_column_text][\/vc_column_inner][\/vc_row_inner][vc_row_inner el_class=&#8221;.margin-0px&#8221;][vc_column_inner width=&#8221;1\/6&#8243;][vc_column_text]<\/p>\n<h4 class=\"p2\">Haftung<\/h4>\n<p>[\/vc_column_text][\/vc_column_inner][vc_column_inner width=&#8221;5\/6&#8243;][vc_column_text]Die Parteien haften gegenseitig fu\u0308r direkt durch grobe Fahrl\u00e4ssigkeit verschuldete Sch\u00e4den. Die gegenseitige Haftung ist auf die Summe des jeweiligen Projekts limitiert, maximal betr\u00e4gt diese CHF 100\u2019000.&#8211; pro Schadenfall.[\/vc_column_text][\/vc_column_inner][\/vc_row_inner][vc_row_inner el_class=&#8221;.margin-0px&#8221;][vc_column_inner width=&#8221;1\/6&#8243;][vc_column_text]<\/p>\n<h4 class=\"p2\">Geheimhaltung<\/h4>\n<p>[\/vc_column_text][\/vc_column_inner][vc_column_inner width=&#8221;5\/6&#8243;][vc_column_text]Die Parteien sichern sich gegenseitig zu, s\u00e4mtliche unternehmerischen Geheimnisse, von denen sie gegenseitig im Rahmen dieses Vertrages Kenntnis erhalten, absolut vertraulich zu behandeln. Der Kunde ist verpflichtet, GENESIS Swiss Team AG schriftlich mitzuteilen, welche Daten einer Geheimhaltungspflicht unterstehen bzw. wie mit diesen gearbeitet werden muss. Insbesondere muss der Kunde GENESIS Swiss Team AG ausdru\u0308cklich darauf hinweisen, wenn Daten nur vor Ort bearbeitet werden du\u0308rfen. Die Parteien sind aber berechtigt, Know-how, dass sie im Rahmen dieses Vertrages erhalten, auch nach Aufl\u00f6sung dieses Vertrages weiter zu verwenden. Ohne ausdru\u0308cklichen schriftlichen Hinweis des Kunden, k\u00f6nnen alle Zusendungen per E-Mail get\u00e4tigt werden, d.h. die Zusendung per E-Mail entspricht den Anforderungen der Vertraulichkeit.[\/vc_column_text][\/vc_column_inner][\/vc_row_inner][vc_row_inner el_class=&#8221;.margin-0px&#8221;][vc_column_inner width=&#8221;1\/6&#8243;][vc_column_text]<\/p>\n<h4 class=\"p2\">Produkte Dritter<\/h4>\n<p>[\/vc_column_text][\/vc_column_inner][vc_column_inner width=&#8221;5\/6&#8243;][vc_column_text]In soweit der Lieferant im Rahmen der vereinbarten Dienstleistung urheberrechtlich oder anders rechtlich geschu\u0308tzte Produkte von Dritten einsetzt, anerkennt der Kunde \/ Auftraggeber die Schutzrechte der Drittlieferanten. Es gelten die Lizenzbestimmungen des Herstellers.[\/vc_column_text][\/vc_column_inner][\/vc_row_inner][vc_row_inner][vc_column_inner width=&#8221;1\/6&#8243;][vc_column_text]<\/p>\n<h4 class=\"p2\">Gerichtsstand<\/h4>\n<p>[\/vc_column_text][\/vc_column_inner][vc_column_inner width=&#8221;5\/6&#8243;][vc_column_text]Es gilt Schweizerisches Recht, Gerichtsstand fu\u0308r alle Streitigkeiten ist Bern.[\/vc_column_text][\/vc_column_inner][\/vc_row_inner][vc_btn title=&#8221;AGB herunterladen&#8221; style=&#8221;outline-custom&#8221; outline_custom_color=&#8221;#ab1b1b&#8221; outline_custom_hover_background=&#8221;#ab1b1b&#8221; outline_custom_hover_text=&#8221;#ffffff&#8221; align=&#8221;center&#8221; css=&#8221;&#8221; link=&#8221;url:https%3A%2F%2Fgenesis.swiss%2Fwp-content%2Fuploads%2F2026%2F02%2FGENESIS-Swiss-Team-AG-AGB-V2.3-d-4.pdf|target:_blank|&#8221;][\/vc_column][\/vc_row][vc_row][vc_column][spring_shortcode_content_template template=&#8221;call-to-action&#8221;][\/vc_column][\/vc_row][vc_row text_color=&#8221;__&#8221; heading_color=&#8221;__&#8221; link_color=&#8221;__&#8221; link_hover_color=&#8221;__&#8221; el_class=&#8221;.vc_row-slider&#8221; css=&#8221;.vc_custom_1495031921458{margin-top: -1.5em !important;margin-bottom: -1.5em !important;}&#8221;][vc_column text_color=&#8221;__&#8221; heading_color=&#8221;__&#8221; link_color=&#8221;__&#8221; link_hover_color=&#8221;__&#8221; el_class=&#8221;.vc_row-slider&#8221;][\/vc_column][\/vc_row]<\/p>\n<\/div>","protected":false},"excerpt":{"rendered":"<p>[vc_row content_width=&#8221;fullwidth&#8221; content_placement=&#8221;middle&#8221; text_color=&#8221;__&#8221; heading_color=&#8221;__&#8221; link_color=&#8221;__&#8221; link_hover_color=&#8221;__&#8221; el_class=&#8221;.vc_row-slider&#8221; css=&#8221;.vc_custom_1499930153815{margin-top: -1.5em !important;margin-bottom: -1.5em !important;}&#8221;][vc_column][vc_single_image image=&#8221;2284&#8243; img_size=&#8221;custom&#8221; img_size_custom=&#8221;2560&#215;450&#8243; alignment=&#8221;center&#8221;][\/vc_column][\/vc_row][vc_row text_color=&#8221;__&#8221; heading_color=&#8221;__&#8221; link_color=&#8221;__&#8221; link_hover_color=&#8221;__&#8221; css=&#8221;.vc_custom_1499930274318{margin-top: 2.5em !important;}&#8221;][vc_column text_color=&#8221;__&#8221; heading_color=&#8221;__&#8221; link_color=&#8221;__&#8221; link_hover_color=&#8221;__&#8221;][vc_column_text el_class=&#8221;wk-h3-doppeltitel h3&#8243;] Allgemeine Gesch\u00e4ftsbedingungen [\/vc_column_text][vc_row_inner el_class=&#8221;.margin-0px&#8221;][vc_column_inner width=&#8221;1\/6&#8243;][vc_column_text] Preise [\/vc_column_text][\/vc_column_inner][vc_column_inner width=&#8221;5\/6&#8243;][vc_column_text]Alle Preise sind in CHF exkl. MwSt., exkl. Transport (ausgenommen speziell vereinbart und&#8230;<\/p>\n","protected":false},"author":1,"featured_media":0,"parent":0,"menu_order":0,"comment_status":"closed","ping_status":"closed","template":"","meta":{"footnotes":""},"class_list":["post-1809","page","type-page","status-publish","hentry"],"_links":{"self":[{"href":"https:\/\/genesis.swiss\/en\/wp-json\/wp\/v2\/pages\/1809","targetHints":{"allow":["GET"]}}],"collection":[{"href":"https:\/\/genesis.swiss\/en\/wp-json\/wp\/v2\/pages"}],"about":[{"href":"https:\/\/genesis.swiss\/en\/wp-json\/wp\/v2\/types\/page"}],"author":[{"embeddable":true,"href":"https:\/\/genesis.swiss\/en\/wp-json\/wp\/v2\/users\/1"}],"replies":[{"embeddable":true,"href":"https:\/\/genesis.swiss\/en\/wp-json\/wp\/v2\/comments?post=1809"}],"version-history":[{"count":8,"href":"https:\/\/genesis.swiss\/en\/wp-json\/wp\/v2\/pages\/1809\/revisions"}],"predecessor-version":[{"id":5958,"href":"https:\/\/genesis.swiss\/en\/wp-json\/wp\/v2\/pages\/1809\/revisions\/5958"}],"wp:attachment":[{"href":"https:\/\/genesis.swiss\/en\/wp-json\/wp\/v2\/media?parent=1809"}],"curies":[{"name":"wp","href":"https:\/\/api.w.org\/{rel}","templated":true}]}}