{"id":5167,"date":"2023-08-31T13:59:00","date_gmt":"2023-08-31T13:59:00","guid":{"rendered":"https:\/\/genesis.swiss\/?page_id=5167"},"modified":"2023-08-31T13:59:00","modified_gmt":"2023-08-31T13:59:00","slug":"datenschutzerklaerung-eu","status":"publish","type":"page","link":"https:\/\/genesis.swiss\/en\/datenschutzerklaerung-eu\/","title":{"rendered":"Datenschutzerkl\u00e4rung (EU)"},"content":{"rendered":"\n<!-- Legal document generated by Complianz | GDPR\/CCPA Cookie Consent https:\/\/wordpress.org\/plugins\/complianz-gdpr -->\n<div id=\"cmplz-document\" class=\"cmplz-document privacy-statement cmplz-document-eu\"><p><i>This privacy statement was last updated on March 17, 2024 and applies to citizens and legal permanent residents of the European Economic Area and Switzerland.<\/i><br \/><br \/><\/p><p><p>In this privacy statement, we explain what we do with the data we obtain about you via <a href=\"https:\/\/genesis.swiss\/en\/\">https:\/\/genesis.swiss\/en\/<\/a>. We recommend you carefully read this statement. In our processing we comply with the requirements of privacy legislation. That means, among other things, that:<\/p><ul>\n                <li>we clearly state the purposes for which we process personal data. We do this by means of this privacy statement;<\/li>\n                <li>we aim to limit our collection of personal data to only the personal data required for legitimate purposes;<\/li>\n                <li>we first request your explicit consent to process your personal data in cases requiring your consent;<\/li>\n                <li>we take appropriate security measures to protect your personal data and also require this from parties that process personal data on our behalf;<\/li>\n                <li>we respect your right to access your personal data or have it corrected or deleted, at your request.<\/li>\n            <\/ul><p>If you have any questions, or want to know exactly what data we keep of you, please contact us.<\/p><\/p><h2>1. Purpose, data and retention period<\/h2>We may collect or receive personal information for a number of purposes connected with our business operations which may include the following: (click to expand)<details class=\"cmplz-dropdown dropdown-privacy-statement\"><summary><div><h3>1.1 Contact - Through phone, mail, email and\/or webforms<\/h3><\/div><\/summary><p class=\"cmplz-subtitle\">For this purpose we use the following data:<\/p><p><ul><li>A first and last name<\/li><li>An email address<\/li><li>A telephone number<\/li><\/ul><\/p><p class=\"cmplz-subtitle\">The basis on which we may process these data is:<\/p><p><a target=\"_blank\" rel=\"noopener noreferrer nofollow\" href=\"https:\/\/cookiedatabase.org\/legal-bases\/#consent\">Upon the provision of consent.<\/a><\/p><p class=\"cmplz-subtitle\">Retention period<\/p><p>We retain this data until the service is terminated.<\/p><\/details><details class=\"cmplz-dropdown dropdown-privacy-statement\"><summary><div><h3>1.2 Newsletters<\/h3><\/div><\/summary><p class=\"cmplz-subtitle\">For this purpose we use the following data:<\/p><p><ul><li>A first and last name<\/li><li>An email address<\/li><li>IP Address<\/li><\/ul><\/p><p class=\"cmplz-subtitle\">The basis on which we may process these data is:<\/p><p><a target=\"_blank\" rel=\"noopener noreferrer nofollow\" href=\"https:\/\/cookiedatabase.org\/legal-bases\/#consent\">Upon the provision of consent.<\/a><\/p><p class=\"cmplz-subtitle\">Retention period<\/p><p>We retain this data until the service is terminated.<\/p><\/details><details class=\"cmplz-dropdown dropdown-privacy-statement\"><summary><div><h3>1.3 Compiling and analyzing statistics for website improvement.<\/h3><\/div><\/summary><p class=\"cmplz-subtitle\">For this purpose we use the following data:<\/p><p><ul><li>Internet activity information, including, but not limited to, browsing history, search history, and information regarding a consumer&#039;s interaction with an Internet Web site, application, or advertisement<\/li><li>Geolocation data<\/li><\/ul><\/p><p class=\"cmplz-subtitle\">The basis on which we may process these data is:<\/p><p><a target=\"_blank\" rel=\"noopener noreferrer nofollow\" href=\"https:\/\/cookiedatabase.org\/legal-bases\/#consent\">Upon the provision of consent.<\/a><\/p><p class=\"cmplz-subtitle\">Retention period<\/p><p>We retain this data until the service is terminated.<\/p><\/details><h2>2. Sharing with other parties<\/h2><p>We only share or disclose this data to processors for the following purposes:<\/p><p class=\"cmplz-subtitle\">Processors<\/p><p><b>Name:<\/b>&nbsp;Metanet<br \/>\n            <b>Country:<\/b>&nbsp;Schweiz<br \/>\n            <b>Purpose:<\/b>&nbsp;Alle im Zusammenhang mit der Webseite stehenden Daten wie Dateien und Datenbanken sind auf den Ser\u00advern von META\u00adNET gespei\u00adchert und werden von dort verwaltet. Bei jedem Auf\u00adruf unse\u00adrer Web\u00adseite erfasst META\u00adNET auto\u00adma\u00adti\u00adsiert Daten und Infor\u00adma\u00adtio\u00adnen vom auf\u00adru\u00adfen\u00adden Com\u00adpu\u00adter und speichert sie in einem Zugriffs\u00adpro\u00adto\u00adkoll (\u00abLog\u00adfile\u00bb).<br \/>\n            <b>Name:<\/b>&nbsp;Onebyte<br \/>\n            <b>Country:<\/b>&nbsp;Schweiz<br \/>\n            <b>Purpose:<\/b>&nbsp;Alle im Zusammenhang mit der Webseite stehenden Daten wie Dateien und Datenbanken sind auf den Ser\u00advern von META\u00adNET gespei\u00adchert und werden von dort verwaltet. Bei jedem Auf\u00adruf unse\u00adrer Web\u00adseite erfasst META\u00adNET auto\u00adma\u00adti\u00adsiert Daten und Infor\u00adma\u00adtio\u00adnen vom auf\u00adru\u00adfen\u00adden Com\u00adpu\u00adter und speichert sie in einem Zugriffs\u00adpro\u00adto\u00adkoll (\u00abLog\u00adfile\u00bb).<br \/>\n            <b>Name:<\/b>&nbsp;ManageWP<br \/>\n            <b>Country:<\/b>&nbsp;USA<br \/>\n            <b>Purpose:<\/b>&nbsp;\u201cBei ManageWP handelt es sich um Verwaltungs- und Security-Tool (Dashboard) f\u00fcr die Verwaltung von Websites der Go.Daddy.com LLC, 14455 N. Hayden Rd, Ste. 219, Scottsdale, AZ 85260, USA. ManageWP dient dem sicheren und effektiven Betrieb unserer Webseite und damit unserem berechtigten Interesse. Mittels ManageWP erfolgt u.a. eine \u00dcberwachung der Sicherheit und Leistungsf\u00e4higkeit unserer Webseite. Zudem werden automatische Sicherheitskopien angefertigt.<br \/>\n            <b>Name:<\/b>&nbsp;Wordfence<br \/>\n            <b>Country:<\/b>&nbsp;USA<br \/>\n            <b>Purpose:<\/b>&nbsp;Um die Sicherheit dieser Website zu gew\u00e4hrleisten und vor Hackerangriffen etc. zu sch\u00fctzen.<br \/>\n            <b>Name:<\/b>&nbsp;Mailchimp<br \/>\n            <b>Country:<\/b>&nbsp;USA<br \/>\n            <b>Purpose:<\/b>&nbsp;Der Versand des Newsletters erfolgt \u00fcber den Versanddienstleister 'MailChimp', eine Newsletter-Versandplattform des US-Anbieters Rocket Science Group, LLC, 675 Ponce De Leon Ave NE #5000, Atlanta, GA 30308, USA. Die Nutzung des Versanddienstleisters erfolgt auf Grundlage unserer berechtigten Interessen gem. Art. 6 Abs.. 1 lit. f DSGVO und einer Auftragsverarbeitungsvereinbarung gem\u00e4ss Art. 28 Abs.. 3 S. 1 DSGVO.<br \/>\n            <\/p><h2>3. Cookies<\/h2><p>Our website uses cookies. For more information about cookies, please refer to our <a href=\"https:\/\/genesis.swiss\/en\/cookie-richtlinie-eu\/\">Cookie Policy<\/a>.&nbsp;<\/p><h2>4. Disclosure practices<\/h2><p><p>We disclose personal information if we are required by law or by a court order, in response to a law enforcement agency, to the extent permitted under other provisions of law, to provide information, or for an investigation on a matter related to public safety.<\/p><p>If our website or organisation is taken over, sold, or involved in a merger or acquisition, your details may be disclosed to our advisers and any prospective purchasers and will be passed on to the new owners.<\/p><\/p><h2>5. Security<\/h2><p>We are committed to the security of personal data. We take appropriate security measures to limit abuse of and unauthorized access to personal data. This ensures that only the necessary persons have access to your data, that access to the data is protected, and that our security measures are regularly reviewed.<\/p><h2>6. Third-party websites<\/h2><p>This privacy statement does not apply to third-party websites connected by links on our website. We cannot guarantee that these third parties handle your personal data in a reliable or secure manner. We recommend you read the privacy statements of these websites prior to making use of these websites.<\/p><h2>7. Amendments to this privacy statement<\/h2><p>We reserve the right to make amendments to this privacy statement. It is recommended that you consult this privacy statement regularly in order to be aware of any changes. In addition, we will actively inform you wherever possible.<\/p><h2>8. Accessing and modifying your data<\/h2><p>If you have any questions or want to know which personal data we have about you, please contact us. You can contact us by using the information below. You have the following rights:<\/p><ul>\n                <li>You have the right to know why your personal data is needed, what will happen to it, and how long it will be retained for.<\/li>\n                <li>Right of access: You have the right to access your personal data that is known to us.<\/li>\n                <li>Right to rectification: you have the right to supplement, correct, have deleted or blocked your personal data whenever you wish.<\/li>\n                <li>If you give us your consent to process your data, you have the right to revoke that consent and to have your personal data deleted.<\/li>\n                <li>Right to transfer your data: you have the right to request all your personal data from the controller and transfer it in its entirety to another controller.<\/li>\n                <li>Right to object: you may object to the processing of your data. We comply with this, unless there are justified grounds for processing.<\/li>\n            <\/ul><p>Please make sure to always clearly state who you are, so that we can be certain that we do not modify or delete any data of the wrong person.<\/p><h2>9. Submitting a complaint<\/h2><p>If you are not satisfied with the way in which we handle (a complaint about) the processing of your personal data, you have the right to submit a complaint to the Data Protection Authority.<\/p><h2>10. Contact details<\/h2><p>GENESIS Swiss Team AG<br \/>\n        Bernstrasse 34<br \/>\r\n3072 Ostermundigen<br \/>\n        Switzerland<br \/>\n        Website: <a href=\"https:\/\/genesis.swiss\/en\/\">https:\/\/genesis.swiss\/en\/<\/a> <br \/>\n        Email: <span class=\"cmplz-obfuscate\">i&#110;&#102;&#111;@<span class=\"cmplz-fmail-domain\">&#101;x&#046;c&#111;m<\/span>gene&#115;&#105;s&#046;sw&#105;&#115;&#115;<\/span> <br \/>\n        Phone number: +41 31 560 35 35<\/p><h2>Annex<\/h2><p><h3>WPML<\/h3>\r\nWPML verwendet Cookies zur Feststellung der aktuellen Sprache des Besuchers, der zuletzt besuchten Sprache und der Sprache der Benutzer, die sich eingeloggt haben.\r\n\r\nW\u00e4hrend Sie das Plugin verwenden, wird WPML die Daten bez\u00fcglich der Seite \u00fcber den Installer teilen. Dabei werden keine Daten vom Benutzer selbst geteilt.\r\n<h3>WPML Translation Management<\/h3>\r\nWPML Translation Management wird die E-Mail-Adresse und den Namen jedes Managers sowie des zugeordneten \u00dcbersetzers und den Inhalt selbst an den erweiterten Translation Editor und die eingesetzten \u00dcbersetzungsdienste senden.\r\n<h3>WPML String Translation<\/h3>\r\nWPML String Translation wird alle Strings an WPMLs erweiterten Translation Editor und an die eingesetzten \u00dcbersetzungsdienste senden.\r\n<h3>Complianz | The Privacy Suite for WordPress<\/h3>\r\nDiese Website verwendet die Privacy Suite f\u00fcr WordPress von Complianz, um Datens\u00e4tze \u00fcber Einwilligungen zu sammeln.\u00a0F\u00fcr diese Funktionalit\u00e4t wird deine IP-Adresse anonymisiert und in unserer Datenbank gespeichert.\u00a0Weitere Informationen findest du in der Complianz <a href=\"https:\/\/complianz.io\/privacy-statement\/\" target=\"_blank\" rel=\"noopener\">Datenschutzerkl\u00e4rung<\/a>.\r\n<h3>Hosting<\/h3>\r\n<h4>Dienst: METAhost<\/h4>\r\n<ul>\r\n \t<li>Anbieter: METANET AG, Josefstrasse 218, 8005 Z\u00fcrich, Schweiz<\/li>\r\n \t<li>Datenschutzerkl\u00e4rung: <a href=\"https:\/\/www.metanet.ch\/de\/ueber-metanet\/datenschutzerklaerung\" target=\"_blank\" rel=\"noopener\">https:\/\/www.metanet.ch\/de\/ueber-metanet\/datenschutzerklaerung<\/a><\/li>\r\n<\/ul>\r\n<h4>Dienst: Onebyte<\/h4>\r\n<ul>\r\n \t<li><strong>Anbieter:<\/strong> Onebyte AG, Bahnhofstrasse 117, CH-8620 Wetzikon ZH, Schweiz<\/li>\r\n \t<li><strong>Datenschutzerkl\u00e4rung:<\/strong> <a href=\"https:\/\/www.onebyte.ch\/datenschutzerklaerung-eu\/\" target=\"_blank\" rel=\"noopener\">https:\/\/www.onebyte.ch\/datenschutzerklaerung-eu\/<\/a><\/li>\r\n<\/ul>\r\n<h3>Sicherheitsplugin<\/h3>\r\n<h4>Dienst: Wordfence<\/h4>\r\n<ul>\r\n \t<li>Anbieter: Defiant, Inc., Attn: Legal Department, 1700 Westlake Ave N Ste 200, Seattle, WA 98109<\/li>\r\n \t<li>Datenschutzerkl\u00e4rung: <a href=\"https:\/\/www.wordfence.com\/privacy-policy\/\" target=\"_blank\" rel=\"noopener\">https:\/\/www.wordfence.com\/privacy-policy\/<\/a><\/li>\r\n<\/ul>\r\n<h3>Verwaltungsplugin<\/h3>\r\n<h4>Dienst: ManageWP<\/h4>\r\n<ul>\r\n \t<li>Anbieter: GoDaddy.com LLC, 14455 N. Hayden Rd, Ste. 219, Scottsdale, AZ 85260, United States of America<\/li>\r\n \t<li>Datenschutzerkl\u00e4rung: <a href=\"https:\/\/managewp.com\/privacy\" target=\"_blank\" rel=\"noopener\">https:\/\/managewp.com\/privacy<\/a><\/li>\r\n<\/ul>\r\n<h3>Newsletterversand<\/h3>\r\n<h4>Dienst: Mailchimp<\/h4>\r\n<ul>\r\n \t<li>Anbieter: Rocket Science Group, LLC, 675 Ponce De Leon Ave NE #5000, Atlanta, GA 30308, USA<\/li>\r\n \t<li>Datenschutzerkl\u00e4rung: <a href=\"https:\/\/www.intuit.com\/privacy\/statement\/\" target=\"_blank\" rel=\"noopener\">https:\/\/www.intuit.com\/privacy\/statement\/<\/a><\/li>\r\n<\/ul><\/p><\/div>\n","protected":false},"excerpt":{"rendered":"This privacy statement was last updated on March 17, 2024 and applies to citizens and legal permanent residents of the European Economic Area and Switzerland.In this privacy statement, we explain what we do with the data we obtain about you via https:\/\/genesis.swiss\/en\/. We recommend you carefully read this statement. In...","protected":false},"author":1,"featured_media":0,"parent":0,"menu_order":0,"comment_status":"closed","ping_status":"closed","template":"","meta":{"footnotes":""},"class_list":["post-5167","page","type-page","status-publish","hentry"],"_links":{"self":[{"href":"https:\/\/genesis.swiss\/en\/wp-json\/wp\/v2\/pages\/5167","targetHints":{"allow":["GET"]}}],"collection":[{"href":"https:\/\/genesis.swiss\/en\/wp-json\/wp\/v2\/pages"}],"about":[{"href":"https:\/\/genesis.swiss\/en\/wp-json\/wp\/v2\/types\/page"}],"author":[{"embeddable":true,"href":"https:\/\/genesis.swiss\/en\/wp-json\/wp\/v2\/users\/1"}],"replies":[{"embeddable":true,"href":"https:\/\/genesis.swiss\/en\/wp-json\/wp\/v2\/comments?post=5167"}],"version-history":[{"count":1,"href":"https:\/\/genesis.swiss\/en\/wp-json\/wp\/v2\/pages\/5167\/revisions"}],"predecessor-version":[{"id":5169,"href":"https:\/\/genesis.swiss\/en\/wp-json\/wp\/v2\/pages\/5167\/revisions\/5169"}],"wp:attachment":[{"href":"https:\/\/genesis.swiss\/en\/wp-json\/wp\/v2\/media?parent=5167"}],"curies":[{"name":"wp","href":"https:\/\/api.w.org\/{rel}","templated":true}]}}